{"id":956,"date":"2025-03-28T14:23:35","date_gmt":"2025-03-28T13:23:35","guid":{"rendered":"http:\/\/89.116.22.209\/?page_id=956"},"modified":"2025-06-17T12:28:20","modified_gmt":"2025-06-17T10:28:20","slug":"jmh-2022","status":"publish","type":"page","link":"https:\/\/worldhabitatdaycameroon.org\/fr\/jmh-2022\/","title":{"rendered":"jmh-2022"},"content":{"rendered":"<p>[et_pb_section fb_built=\u00a0\u00bb1&Prime; custom_padding_last_edited=\u00a0\u00bbon|phone\u00a0\u00bb admin_label=\u00a0\u00bbSchedule\u00a0\u00bb _builder_version=\u00a0\u00bb4.27.0&Prime; _module_preset=\u00a0\u00bbdefault\u00a0\u00bb background_color=\u00a0\u00bbrgba(131,0,233,0.2)\u00a0\u00bb width=\u00a0\u00bb90%\u00a0\u00bb width_tablet=\u00a0\u00bb90%\u00a0\u00bb width_phone=\u00a0\u00bb100%\u00a0\u00bb width_last_edited=\u00a0\u00bbon|phone\u00a0\u00bb max_width=\u00a0\u00bb90%\u00a0\u00bb max_width_tablet=\u00a0\u00bb90%\u00a0\u00bb max_width_phone=\u00a0\u00bb100%\u00a0\u00bb max_width_last_edited=\u00a0\u00bbon|phone\u00a0\u00bb module_alignment=\u00a0\u00bbcenter\u00a0\u00bb custom_margin=\u00a0\u00bb0px|0px|0px|0px|false|false\u00a0\u00bb custom_padding=\u00a0\u00bb20px|0px|20px|0px|true|false\u00a0\u00bb custom_padding_tablet=\u00a0\u00bb20px|0px|20px|0px|true|false\u00a0\u00bb custom_padding_phone=\u00a0\u00bb3px|0px|3px|0px|true|false\u00a0\u00bb collapsed=\u00a0\u00bbon\u00a0\u00bb global_colors_info=\u00a0\u00bb{}\u00a0\u00bb][et_pb_row use_custom_gutter=\u00a0\u00bbon\u00a0\u00bb gutter_width=\u00a0\u00bb1&Prime; make_equal=\u00a0\u00bbon\u00a0\u00bb custom_padding_last_edited=\u00a0\u00bbon|desktop\u00a0\u00bb _builder_version=\u00a0\u00bb4.27.0&Prime; _module_preset=\u00a0\u00bbdefault\u00a0\u00bb background_color=\u00a0\u00bbrgba(248,249,250,0.2)\u00a0\u00bb width=\u00a0\u00bb90%\u00a0\u00bb width_tablet=\u00a0\u00bb98%\u00a0\u00bb width_phone=\u00a0\u00bb97%\u00a0\u00bb width_last_edited=\u00a0\u00bbon|phone\u00a0\u00bb max_width=\u00a0\u00bb97%\u00a0\u00bb module_alignment=\u00a0\u00bbcenter\u00a0\u00bb custom_margin=\u00a0\u00bb||||false|false\u00a0\u00bb custom_margin_tablet=\u00a0\u00bb||||false|false\u00a0\u00bb custom_margin_phone=\u00a0\u00bb||||false|false\u00a0\u00bb custom_margin_last_edited=\u00a0\u00bbon|desktop\u00a0\u00bb custom_padding=\u00a0\u00bb||||false|false\u00a0\u00bb custom_padding_tablet=\u00a0\u00bb||||false|false\u00a0\u00bb custom_padding_phone=\u00a0\u00bb||||false|false\u00a0\u00bb global_colors_info=\u00a0\u00bb{}\u00a0\u00bb][et_pb_column type=\u00a0\u00bb4_4&Prime; _builder_version=\u00a0\u00bb4.25.1&Prime; _module_preset=\u00a0\u00bbdefault\u00a0\u00bb global_colors_info=\u00a0\u00bb{}\u00a0\u00bb][et_pb_text _builder_version=\u00a0\u00bb4.27.0&Prime; _module_preset=\u00a0\u00bbdefault\u00a0\u00bb text_font=\u00a0\u00bbAldrich|700|||||||\u00a0\u00bb text_text_color=\u00a0\u00bb#9e0140&Prime; text_font_size=\u00a0\u00bb4rem\u00a0\u00bb custom_margin=\u00a0\u00bb||||false|false\u00a0\u00bb custom_padding=\u00a0\u00bb16px||30px||false|false\u00a0\u00bb custom_padding_tablet=\u00a0\u00bb16px||30px||false|false\u00a0\u00bb custom_padding_phone=\u00a0\u00bb||15px||false|false\u00a0\u00bb custom_padding_last_edited=\u00a0\u00bbon|phone\u00a0\u00bb text_font_size_tablet=\u00a0\u00bb4rem\u00a0\u00bb text_font_size_phone=\u00a0\u00bb2rem\u00a0\u00bb text_font_size_last_edited=\u00a0\u00bbon|phone\u00a0\u00bb content_en_us=\u00a0\u00bb<\/p>\n<p>WHD 2024<\/p>\n<p>\u00a0\u00bb text_text_shadow_style=\u00a0\u00bbpreset2&Prime; box_shadow_style=\u00a0\u00bbpreset3&Prime; global_colors_info=\u00a0\u00bb{}\u00a0\u00bb title_font_size_tablet=\u00a0\u00bb4rem\u00a0\u00bb title_font_size_phone=\u00a0\u00bb2rem\u00a0\u00bb title_font_size_last_edited=\u00a0\u00bbon|phone\u00a0\u00bb]<\/p>\n<p>JMH 2022<\/p>\n<p>[\/et_pb_text][\/et_pb_column][\/et_pb_row][\/et_pb_section][et_pb_section fb_built=\u00a0\u00bb1&Prime; custom_padding_last_edited=\u00a0\u00bbon|phone\u00a0\u00bb admin_label=\u00a0\u00bbSchedule\u00a0\u00bb _builder_version=\u00a0\u00bb4.27.0&Prime; _module_preset=\u00a0\u00bbdefault\u00a0\u00bb background_color=\u00a0\u00bb#f8f9fa\u00a0\u00bb custom_padding=\u00a0\u00bb||||false|false\u00a0\u00bb custom_padding_tablet=\u00a0\u00bb||||false|false\u00a0\u00bb custom_padding_phone=\u00a0\u00bb0px||0px||true|false\u00a0\u00bb border_color_all=\u00a0\u00bbRGBA(255,255,255,0)\u00a0\u00bb collapsed=\u00a0\u00bboff\u00a0\u00bb global_colors_info=\u00a0\u00bb{}\u00a0\u00bb][et_pb_row _builder_version=\u00a0\u00bb4.27.0&Prime; _module_preset=\u00a0\u00bbdefault\u00a0\u00bb width=\u00a0\u00bb90%\u00a0\u00bb width_tablet=\u00a0\u00bb98%\u00a0\u00bb width_phone=\u00a0\u00bb97%\u00a0\u00bb width_last_edited=\u00a0\u00bbon|phone\u00a0\u00bb max_width=\u00a0\u00bb97%\u00a0\u00bb module_alignment=\u00a0\u00bbcenter\u00a0\u00bb custom_margin=\u00a0\u00bb0px|0px|0px|0px|false|false\u00a0\u00bb custom_padding=\u00a0\u00bb0px|0px|0px|0px|false|false\u00a0\u00bb collapsed=\u00a0\u00bboff\u00a0\u00bb global_colors_info=\u00a0\u00bb{}\u00a0\u00bb][et_pb_column type=\u00a0\u00bb4_4&Prime; _builder_version=\u00a0\u00bb4.27.0&Prime; _module_preset=\u00a0\u00bbdefault\u00a0\u00bb global_colors_info=\u00a0\u00bb{}\u00a0\u00bb][et_pb_cta title=\u00a0\u00bbRevivez les activit\u00e9s de la JMH 2022&Prime; button_url=\u00a0\u00bbhttps:\/\/www.minhdu.gov.cm\/jmhregistration\/public\/index.php\/\u00a0\u00bb _builder_version=\u00a0\u00bb4.27.0&Prime; _module_preset=\u00a0\u00bbbe0cc754-576a-4b1c-868d-f6226f85de4d\u00a0\u00bb header_font=\u00a0\u00bbPoppins|700|||||||\u00a0\u00bb header_text_align=\u00a0\u00bbcenter\u00a0\u00bb header_text_color=\u00a0\u00bb#000000&Prime; header_font_size=\u00a0\u00bb50px\u00a0\u00bb header_line_height=\u00a0\u00bb1.2em\u00a0\u00bb body_font=\u00a0\u00bbPoppins|Source Sans Pro_weight|||||||\u00a0\u00bb body_text_align=\u00a0\u00bbjustify\u00a0\u00bb body_text_color=\u00a0\u00bb#000000&Prime; body_font_size=\u00a0\u00bb18px\u00a0\u00bb body_line_height=\u00a0\u00bb1.75em\u00a0\u00bb background_color=\u00a0\u00bb#FFFFFF\u00a0\u00bb custom_button=\u00a0\u00bbon\u00a0\u00bb button_text_size=\u00a0\u00bb14px\u00a0\u00bb button_text_color=\u00a0\u00bb#FFFFFF\u00a0\u00bb button_bg_color=\u00a0\u00bb#cd0d62&Prime; button_border_width=\u00a0\u00bb0px\u00a0\u00bb button_border_radius=\u00a0\u00bb30px\u00a0\u00bb button_font=\u00a0\u00bbPoppins|700|||||||\u00a0\u00bb button_alignment=\u00a0\u00bbcenter\u00a0\u00bb button_custom_padding=\u00a0\u00bb12px|24px|12px|24px|true|true\u00a0\u00bb background_layout=\u00a0\u00bblight\u00a0\u00bb custom_margin=\u00a0\u00bb0px|0px|0px|0px|false|false\u00a0\u00bb custom_padding=\u00a0\u00bb10px|10px|10px|10px|false|false\u00a0\u00bb link_option_url_new_window=\u00a0\u00bbon\u00a0\u00bb header_font_size_tablet=\u00a0\u00bb28px\u00a0\u00bb header_font_size_phone=\u00a0\u00bb20px\u00a0\u00bb header_font_size_last_edited=\u00a0\u00bbon|phone\u00a0\u00bb body_font_size_tablet=\u00a0\u00bb16px\u00a0\u00bb body_font_size_phone=\u00a0\u00bb14px\u00a0\u00bb body_font_size_last_edited=\u00a0\u00bbon|phone\u00a0\u00bb border_radii=\u00a0\u00bbon|6px|6px|6px|6px\u00a0\u00bb border_width_all=\u00a0\u00bb2px\u00a0\u00bb border_color_all=\u00a0\u00bbrgba(0,0,0,0.08)\u00a0\u00bb locked=\u00a0\u00bboff\u00a0\u00bb global_colors_info=\u00a0\u00bb{%22gcid-828accbb-1ed2-407d-95be-20ab4e191566%22:%91%22border_color_all%22%93,%22#0e0c19%22:%91%22header_text_color%22%93,%22#3c3a47%22:%91%22body_text_color%22%93,%22gcid-f2943306-fa6c-45f0-b632-5fc00151366a%22:%91%22button_text_color%22,%22button_text_color%22%93,%22gcid-36fd78a7-34bc-404d-873c-dafa34efaae5%22:%91%22button_text_color%22,%22button_text_color%22,%22button_text_color%22%93}\u00a0\u00bb text_font_size_tablet=\u00a0\u00bb16px\u00a0\u00bb text_font_size_phone=\u00a0\u00bb14px\u00a0\u00bb text_font_size_last_edited=\u00a0\u00bbon|phone\u00a0\u00bb]<\/p>\n<p>La JMH 2022 s&rsquo;est tenue du 27 septembre au 03 octobre 2022 \u00e0 Bertoua. Retrouvez ci-dessous les ressources sur les diff\u00e9rentes th\u00e9matiques developp\u00e9es durant la semaine de l&rsquo;habitat .<\/p>\n<p>[\/et_pb_cta][\/et_pb_column][\/et_pb_row][\/et_pb_section][et_pb_section fb_built=\u00a0\u00bb1&Prime; admin_label=\u00a0\u00bbsection\u00a0\u00bb _builder_version=\u00a0\u00bb4.27.0&Prime; background_color=\u00a0\u00bbrgba(254,166,33,0.1)\u00a0\u00bb custom_margin=\u00a0\u00bb|0px||0px|false|false\u00a0\u00bb custom_padding=\u00a0\u00bb|0px||0px|false|false\u00a0\u00bb top_divider_color=\u00a0\u00bb#0C71C3&Prime; bottom_divider_color=\u00a0\u00bb#0C71C3&Prime; collapsed=\u00a0\u00bboff\u00a0\u00bb global_colors_info=\u00a0\u00bb{}\u00a0\u00bb][et_pb_row _builder_version=\u00a0\u00bb4.27.0&Prime; _module_preset=\u00a0\u00bbdefault\u00a0\u00bb width_tablet=\u00a0\u00bb98%\u00a0\u00bb width_phone=\u00a0\u00bb97%\u00a0\u00bb width_last_edited=\u00a0\u00bbon|phone\u00a0\u00bb max_width=\u00a0\u00bb90%\u00a0\u00bb max_width_tablet=\u00a0\u00bb98%\u00a0\u00bb max_width_phone=\u00a0\u00bb97%\u00a0\u00bb max_width_last_edited=\u00a0\u00bbon|tablet\u00a0\u00bb module_alignment=\u00a0\u00bbcenter\u00a0\u00bb custom_margin=\u00a0\u00bb0px||||false|false\u00a0\u00bb custom_padding=\u00a0\u00bb0px||9px||false|false\u00a0\u00bb collapsed=\u00a0\u00bboff\u00a0\u00bb global_colors_info=\u00a0\u00bb{}\u00a0\u00bb][et_pb_column type=\u00a0\u00bb4_4&Prime; _builder_version=\u00a0\u00bb4.27.0&Prime; _module_preset=\u00a0\u00bbdefault\u00a0\u00bb global_colors_info=\u00a0\u00bb{}\u00a0\u00bb][et_pb_text _builder_version=\u00a0\u00bb4.27.0&Prime; _module_preset=\u00a0\u00bbdefault\u00a0\u00bb text_font=\u00a0\u00bbAldrich|700|||||||\u00a0\u00bb text_text_color=\u00a0\u00bb#9e0140&Prime; text_font_size=\u00a0\u00bb4rem\u00a0\u00bb custom_margin=\u00a0\u00bb||||false|false\u00a0\u00bb custom_padding=\u00a0\u00bb25px||35px||false|false\u00a0\u00bb custom_padding_tablet=\u00a0\u00bb25px||35px||false|false\u00a0\u00bb custom_padding_phone=\u00a0\u00bb15px||15px||false|false\u00a0\u00bb custom_padding_last_edited=\u00a0\u00bbon|phone\u00a0\u00bb text_font_size_tablet=\u00a0\u00bb4rem\u00a0\u00bb text_font_size_phone=\u00a0\u00bb2rem\u00a0\u00bb text_font_size_last_edited=\u00a0\u00bbon|phone\u00a0\u00bb content_en_us=\u00a0\u00bb<\/p>\n<p>News<\/p>\n<p>\u00a0\u00bb text_text_shadow_style=\u00a0\u00bbpreset2&Prime; border_radii=\u00a0\u00bbon|9px|9px|9px|9px\u00a0\u00bb border_width_bottom=\u00a0\u00bb2px\u00a0\u00bb border_color_bottom=\u00a0\u00bb#cd0d62&Prime; border_width_left=\u00a0\u00bb8px\u00a0\u00bb border_color_left=\u00a0\u00bb#cd0d62&Prime; box_shadow_style=\u00a0\u00bbpreset3&Prime; global_colors_info=\u00a0\u00bb{}\u00a0\u00bb title_font_size_tablet=\u00a0\u00bb4rem\u00a0\u00bb title_font_size_phone=\u00a0\u00bb2rem\u00a0\u00bb title_font_size_last_edited=\u00a0\u00bbon|phone\u00a0\u00bb]<\/p>\n<p>Actualit\u00e9s<\/p>\n<p>[\/et_pb_text][brbl_post_carousel include_categories=\u00a0\u00bb18&Prime; layout=\u00a0\u00bblayout4&Prime; show_avatar=\u00a0\u00bboff\u00a0\u00bb show_author=\u00a0\u00bboff\u00a0\u00bb show_date=\u00a0\u00bboff\u00a0\u00bb slide_count=\u00a0\u00bb3&Prime; post_padding=\u00a0\u00bb20px|20px|20px|20px|true|true\u00a0\u00bb content_padding=\u00a0\u00bb16px|3px|16px|3px|true|true\u00a0\u00bb date_icon_color=\u00a0\u00bb#cd0d62&Prime; post_bg_color=\u00a0\u00bb#FFFFFF\u00a0\u00bb slide_count_tablet=\u00a0\u00bb2&Prime; slide_count_phone=\u00a0\u00bb1&Prime; slide_count_last_edited=\u00a0\u00bbon|desktop\u00a0\u00bb _builder_version=\u00a0\u00bb4.27.0&Prime; _module_preset=\u00a0\u00bbdefault\u00a0\u00bb title_font=\u00a0\u00bb|600|||||||\u00a0\u00bb title_text_color=\u00a0\u00bb#6f0738&Prime; title_font_size=\u00a0\u00bb15px\u00a0\u00bb date_font=\u00a0\u00bb|600|||||||\u00a0\u00bb date_text_color=\u00a0\u00bb#cd0d62&Prime; border_radii_post=\u00a0\u00bbon|15px|15px|15px|15px\u00a0\u00bb border_radii_image=\u00a0\u00bbon|15px|15px|15px|15px\u00a0\u00bb border_width_all_content=\u00a0\u00bb0px\u00a0\u00bb box_shadow_style_post=\u00a0\u00bbpreset1&Prime; global_colors_info=\u00a0\u00bb{}\u00a0\u00bb][\/brbl_post_carousel][\/et_pb_column][\/et_pb_row][\/et_pb_section][et_pb_section fb_built=\u00a0\u00bb1&Prime; admin_label=\u00a0\u00bbsection\u00a0\u00bb _builder_version=\u00a0\u00bb4.27.0&Prime; background_color=\u00a0\u00bbrgba(125,174,216,0.36)\u00a0\u00bb custom_margin=\u00a0\u00bb|0px||0px|false|false\u00a0\u00bb custom_padding=\u00a0\u00bb|0px||0px|false|false\u00a0\u00bb top_divider_color=\u00a0\u00bb#0C71C3&Prime; bottom_divider_color=\u00a0\u00bb#0C71C3&Prime; collapsed=\u00a0\u00bboff\u00a0\u00bb global_colors_info=\u00a0\u00bb{}\u00a0\u00bb][et_pb_row _builder_version=\u00a0\u00bb4.27.0&Prime; _module_preset=\u00a0\u00bbdefault\u00a0\u00bb width_tablet=\u00a0\u00bb98%\u00a0\u00bb width_phone=\u00a0\u00bb97%\u00a0\u00bb width_last_edited=\u00a0\u00bbon|phone\u00a0\u00bb max_width=\u00a0\u00bb90%\u00a0\u00bb max_width_tablet=\u00a0\u00bb98%\u00a0\u00bb max_width_phone=\u00a0\u00bb97%\u00a0\u00bb max_width_last_edited=\u00a0\u00bbon|tablet\u00a0\u00bb module_alignment=\u00a0\u00bbcenter\u00a0\u00bb custom_margin=\u00a0\u00bb0px||||false|false\u00a0\u00bb custom_padding=\u00a0\u00bb0px||9px||false|false\u00a0\u00bb collapsed=\u00a0\u00bboff\u00a0\u00bb global_colors_info=\u00a0\u00bb{}\u00a0\u00bb][et_pb_column type=\u00a0\u00bb4_4&Prime; _builder_version=\u00a0\u00bb4.27.0&Prime; _module_preset=\u00a0\u00bbdefault\u00a0\u00bb global_colors_info=\u00a0\u00bb{}\u00a0\u00bb][et_pb_text _builder_version=\u00a0\u00bb4.27.0&Prime; _module_preset=\u00a0\u00bbdefault\u00a0\u00bb text_font=\u00a0\u00bbAldrich|700|||||||\u00a0\u00bb text_text_color=\u00a0\u00bb#9e0140&Prime; text_font_size=\u00a0\u00bb4rem\u00a0\u00bb text_line_height=\u00a0\u00bb1em\u00a0\u00bb custom_margin=\u00a0\u00bb||||false|false\u00a0\u00bb custom_padding=\u00a0\u00bb9px||10px||false|false\u00a0\u00bb custom_padding_tablet=\u00a0\u00bb25px||35px||false|false\u00a0\u00bb custom_padding_phone=\u00a0\u00bb9px||14px||false|false\u00a0\u00bb custom_padding_last_edited=\u00a0\u00bbon|phone\u00a0\u00bb hover_enabled=\u00a0\u00bb0&Prime; text_font_size_tablet=\u00a0\u00bb4rem\u00a0\u00bb text_font_size_phone=\u00a0\u00bb2rem\u00a0\u00bb text_font_size_last_edited=\u00a0\u00bbon|phone\u00a0\u00bb content_en_us=\u00a0\u00bb<\/p>\n<p>Round tables &#038; Special sessions<\/p>\n<p>\u00a0\u00bb text_text_shadow_style=\u00a0\u00bbpreset2&Prime; border_radii=\u00a0\u00bbon|9px|9px|9px|9px\u00a0\u00bb border_width_bottom=\u00a0\u00bb2px\u00a0\u00bb border_color_bottom=\u00a0\u00bb#cd0d62&Prime; border_width_left=\u00a0\u00bb8px\u00a0\u00bb border_color_left=\u00a0\u00bb#cd0d62&Prime; box_shadow_style=\u00a0\u00bbpreset3&Prime; global_colors_info=\u00a0\u00bb{}\u00a0\u00bb title_font_size_tablet=\u00a0\u00bb4rem\u00a0\u00bb title_font_size_phone=\u00a0\u00bb2rem\u00a0\u00bb title_font_size_last_edited=\u00a0\u00bbon|phone\u00a0\u00bb sticky_enabled=\u00a0\u00bb0&Prime;]<\/p>\n<p>Tables rondes &amp; Session sp\u00e9ciales<\/p>\n<p>[\/et_pb_text][brbl_post_grid include_categories=\u00a0\u00bb19&Prime; post_count=\u00a0\u00bb10&Prime; post_padding=\u00a0\u00bb20px|20px|20px|20px|true|true\u00a0\u00bb content_padding=\u00a0\u00bb16px|3px|16px|3px|true|true\u00a0\u00bb date_icon_color=\u00a0\u00bb#cd0d62&Prime; btn_spacing_top=\u00a0\u00bb59px\u00a0\u00bb category_placement=\u00a0\u00bbbottom_right\u00a0\u00bb category_padding=\u00a0\u00bb3px|7px|3px|7px|false|false\u00a0\u00bb show_avatar=\u00a0\u00bboff\u00a0\u00bb show_author=\u00a0\u00bboff\u00a0\u00bb show_date=\u00a0\u00bboff\u00a0\u00bb post_bg_color=\u00a0\u00bb#FFFFFF\u00a0\u00bb column_count_tablet=\u00a0\u00bb2&Prime; column_count_phone=\u00a0\u00bb1&Prime; column_count_last_edited=\u00a0\u00bbon|tablet\u00a0\u00bb _builder_version=\u00a0\u00bb4.27.0&Prime; _module_preset=\u00a0\u00bbdefault\u00a0\u00bb title_font=\u00a0\u00bb|600|||||||\u00a0\u00bb title_text_align=\u00a0\u00bbjustify\u00a0\u00bb title_text_color=\u00a0\u00bb#6f0738&Prime; title_font_size=\u00a0\u00bb15px\u00a0\u00bb date_font=\u00a0\u00bb|600|||||||\u00a0\u00bb date_text_color=\u00a0\u00bb#cd0d62&Prime; custom_button=\u00a0\u00bbon\u00a0\u00bb button_text_size=\u00a0\u00bb100px\u00a0\u00bb button_text_color=\u00a0\u00bb#8300E9&Prime; button_bg_color=\u00a0\u00bb#7CDA24&Prime; button_font=\u00a0\u00bb|600|||||||\u00a0\u00bb width_tablet=\u00a0\u00bb\u00a0\u00bb width_phone=\u00a0\u00bb90%\u00a0\u00bb width_last_edited=\u00a0\u00bbon|phone\u00a0\u00bb max_width_tablet=\u00a0\u00bb\u00a0\u00bb max_width_phone=\u00a0\u00bb90%\u00a0\u00bb max_width_last_edited=\u00a0\u00bbon|phone\u00a0\u00bb module_alignment=\u00a0\u00bbcenter\u00a0\u00bb border_radii_post=\u00a0\u00bbon|15px|15px|15px|15px\u00a0\u00bb border_radii_image=\u00a0\u00bbon|15px|15px|15px|15px\u00a0\u00bb border_width_all_content=\u00a0\u00bb0px\u00a0\u00bb box_shadow_style_post=\u00a0\u00bbpreset1&Prime; global_colors_info=\u00a0\u00bb{}\u00a0\u00bb][\/brbl_post_grid][\/et_pb_column][\/et_pb_row][\/et_pb_section]<\/p>\n","protected":false},"excerpt":{"rendered":"<p>JMH 2022La JMH 2022 s&rsquo;est tenue du 27 septembre au 03 octobre 2022 \u00e0 Bertoua. Retrouvez ci-dessous les ressources sur les diff\u00e9rentes th\u00e9matiques developp\u00e9es durant la semaine de l&rsquo;habitat .Actualit\u00e9s<div class=\"et_pb_with_border et_pb_module brbl_post_carousel brbl_post_carousel_0\">\n\t\t\t\t\n\t\t\t\t\n\t\t\t\t\n\t\t\t\t\n\t\t\t\t\n\t\t\t\t\n\t\t\t\t<div class=\"et_pb_module_inner\">\n\t\t\t\t\t<div class=\"brbl-carousel brbl-blog-carousel brbl-carousel-frontend equal-height-on\" data-settings=\"{&quot;responsive&quot;:[{&quot;breakpoint&quot;:980,&quot;settings&quot;:{&quot;slidesToShow&quot;:2}},{&quot;breakpoint&quot;:767,&quot;settings&quot;:{&quot;slidesToShow&quot;:1}}],&quot;rtl&quot;:false,&quot;cssEase&quot;:&quot;ease-in-out&quot;,&quot;swipe&quot;:true,&quot;variableWidth&quot;:false,&quot;dots&quot;:false,&quot;arrows&quot;:true,&quot;infinite&quot;:true,&quot;autoplay&quot;:true,&quot;autoplaySpeed&quot;:2000,&quot;speed&quot;:700,&quot;slidesToShow&quot;:3,&quot;slidesToScroll&quot;:1,&quot;centerPadding&quot;:&quot;70px&quot;,&quot;centerMode&quot;:false,&quot;prevArrow&quot;:&quot;&lt;button type=\\&quot;button\\&quot; data-icon=\\&quot;4\\&quot; class=\\&quot;slick-arrow slick-prev\\&quot;&gt;Prev&lt;\\\/button&gt;&quot;,&quot;nextArrow&quot;:&quot;&lt;button type=\\&quot;button\\&quot; data-icon=\\&quot;5\\&quot; class=\\&quot;slick-arrow slick-next\\&quot;&gt;Prev&lt;\\\/button&gt;&quot;}\" dir=\"ltr\">\r\n                <div class=\"brbl-blog-item brbl-blog-item-layout4-0\">\r\n        <article class=\"brbl-post-card brbl-post-card-4\">\r\n\t\t\t<figure class=\"brbl-post-thumb\">\r\n\t\t\t\t<a href=\"https:\/\/worldhabitatdaycameroon.org\/fr\/lancement-de-la-journee-mondiale-de-lhabitat-edition-2022\/\">\r\n\t\t\t\t\t<div class=\"brbl-overlay\" data-icon=\"\"><\/div>\r\n\t\t\t\t\t<img width=\"960\" height=\"432\" src=\"https:\/\/worldhabitatdaycameroon.org\/wp-content\/uploads\/2025\/04\/479183253_931409712512892_1012663353971402195_n.jpg\" class=\"attachment-full size-full wp-post-image\" alt=\"\" decoding=\"async\" loading=\"lazy\" srcset=\"https:\/\/worldhabitatdaycameroon.org\/wp-content\/uploads\/2025\/04\/479183253_931409712512892_1012663353971402195_n.jpg 960w, https:\/\/worldhabitatdaycameroon.org\/wp-content\/uploads\/2025\/04\/479183253_931409712512892_1012663353971402195_n-480x216.jpg 480w\" sizes=\"(min-width: 0px) and (max-width: 480px) 480px, (min-width: 481px) 960px, 100vw\" \/>\r\n\t\t\t\t<\/a>\r\n\t\t\t\t\r\n\t\t\t<\/figure>\r\n\t\t\t<div class=\"brbl-author-avatar\"><img decoding=\"async\" src=\"https:\/\/secure.gravatar.com\/avatar\/443f4cfe941b3d170aee44f72c6f1831261c1ccebf6e67bf9c088c0963bc9ebf?s=96&#038;d=mm&#038;r=g\"><\/div>\r\n            <div class=\"brbl-blog-content\">\r\n\t\t\t\t<h4 class=\"brbl-post-title\">\r\n                <a href=\"https:\/\/worldhabitatdaycameroon.org\/fr\/lancement-de-la-journee-mondiale-de-lhabitat-edition-2022\/\">Lancement de la journ\u00e9e mondiale de l&rsquo;habitat \u00e9dition 2022<\/a>\r\n            <\/h4>\r\n\t\t\t\t<div class=\"brbl-post-excerpt\">Lancement de la journ\u00e9e mondiale de l'habitat \u00e9dition 2022 \u00e0 Bertoua par le Ministre de l'Habitat...<\/div>\r\n                <div class=\"brbl-blog-meta\">\r\n                    \r\n                    \r\n                <\/div>\r\n            <\/div>\r\n        <\/article>\r\n    <\/div><div class=\"brbl-blog-item brbl-blog-item-layout4-0\">\r\n        <article class=\"brbl-post-card brbl-post-card-4\">\r\n\t\t\t<figure class=\"brbl-post-thumb\">\r\n\t\t\t\t<a href=\"https:\/\/worldhabitatdaycameroon.org\/fr\/point-de-presse-de-lancement-de-la-jmh-2022\/\">\r\n\t\t\t\t\t<div class=\"brbl-overlay\" data-icon=\"\"><\/div>\r\n\t\t\t\t\t<img width=\"960\" height=\"432\" src=\"https:\/\/worldhabitatdaycameroon.org\/wp-content\/uploads\/2025\/04\/477708582_931411365846060_6610912029770927633_n-1.jpg\" class=\"attachment-full size-full wp-post-image\" alt=\"\" decoding=\"async\" loading=\"lazy\" srcset=\"https:\/\/worldhabitatdaycameroon.org\/wp-content\/uploads\/2025\/04\/477708582_931411365846060_6610912029770927633_n-1.jpg 960w, https:\/\/worldhabitatdaycameroon.org\/wp-content\/uploads\/2025\/04\/477708582_931411365846060_6610912029770927633_n-1-480x216.jpg 480w\" sizes=\"(min-width: 0px) and (max-width: 480px) 480px, (min-width: 481px) 960px, 100vw\" \/>\r\n\t\t\t\t<\/a>\r\n\t\t\t\t\r\n\t\t\t<\/figure>\r\n\t\t\t<div class=\"brbl-author-avatar\"><img decoding=\"async\" src=\"https:\/\/secure.gravatar.com\/avatar\/443f4cfe941b3d170aee44f72c6f1831261c1ccebf6e67bf9c088c0963bc9ebf?s=96&#038;d=mm&#038;r=g\"><\/div>\r\n            <div class=\"brbl-blog-content\">\r\n\t\t\t\t<h4 class=\"brbl-post-title\">\r\n                <a href=\"https:\/\/worldhabitatdaycameroon.org\/fr\/point-de-presse-de-lancement-de-la-jmh-2022\/\">point de presse de lancement de la JMH 2022<\/a>\r\n            <\/h4>\r\n\t\t\t\t<div class=\"brbl-post-excerpt\">En image le point de presse de lancement de la JMH, Bertoua 2022, avec ouverture du village de...<\/div>\r\n                <div class=\"brbl-blog-meta\">\r\n                    \r\n                    \r\n                <\/div>\r\n            <\/div>\r\n        <\/article>\r\n    <\/div>\r\n            <\/div>\n\t\t\t\t<\/div>\n\t\t\t<\/div>Tables [&hellip;]<\/p>\n","protected":false},"author":1,"featured_media":0,"parent":0,"menu_order":0,"comment_status":"closed","ping_status":"closed","template":"","meta":{"_et_pb_use_builder":"on","_et_pb_old_content":"<!-- wp:divi\/placeholder \/-->","_et_gb_content_width":"","loftloader_page_shortcode":"","footnotes":""},"class_list":["post-956","page","type-page","status-publish","hentry"],"_links":{"self":[{"href":"https:\/\/worldhabitatdaycameroon.org\/fr\/wp-json\/wp\/v2\/pages\/956","targetHints":{"allow":["GET"]}}],"collection":[{"href":"https:\/\/worldhabitatdaycameroon.org\/fr\/wp-json\/wp\/v2\/pages"}],"about":[{"href":"https:\/\/worldhabitatdaycameroon.org\/fr\/wp-json\/wp\/v2\/types\/page"}],"author":[{"embeddable":true,"href":"https:\/\/worldhabitatdaycameroon.org\/fr\/wp-json\/wp\/v2\/users\/1"}],"replies":[{"embeddable":true,"href":"https:\/\/worldhabitatdaycameroon.org\/fr\/wp-json\/wp\/v2\/comments?post=956"}],"version-history":[{"count":20,"href":"https:\/\/worldhabitatdaycameroon.org\/fr\/wp-json\/wp\/v2\/pages\/956\/revisions"}],"predecessor-version":[{"id":2264,"href":"https:\/\/worldhabitatdaycameroon.org\/fr\/wp-json\/wp\/v2\/pages\/956\/revisions\/2264"}],"wp:attachment":[{"href":"https:\/\/worldhabitatdaycameroon.org\/fr\/wp-json\/wp\/v2\/media?parent=956"}],"curies":[{"name":"wp","href":"https:\/\/api.w.org\/{rel}","templated":true}]}}