{"id":576,"date":"2024-09-22T21:58:13","date_gmt":"2024-09-22T19:58:13","guid":{"rendered":"http:\/\/89.116.22.209\/?page_id=576"},"modified":"2024-09-22T22:05:01","modified_gmt":"2024-09-22T20:05:01","slug":"tableronde4","status":"publish","type":"page","link":"https:\/\/worldhabitatdaycameroon.org\/fr\/tableronde4\/","title":{"rendered":"tableronde4"},"content":{"rendered":"<p>[et_pb_section fb_built=\u00a0\u00bb1&Prime; inner_shadow=\u00a0\u00bbon\u00a0\u00bb _builder_version=\u00a0\u00bb4.27.0&Prime; _module_preset=\u00a0\u00bbdefault\u00a0\u00bb background_enable_image=\u00a0\u00bboff\u00a0\u00bb parallax=\u00a0\u00bbon\u00a0\u00bb background_blend=\u00a0\u00bbdarken\u00a0\u00bb custom_padding=\u00a0\u00bb26px|||||\u00a0\u00bb global_colors_info=\u00a0\u00bb{}\u00a0\u00bb][et_pb_row _builder_version=\u00a0\u00bb4.27.0&Prime; _module_preset=\u00a0\u00bbdefault\u00a0\u00bb width=\u00a0\u00bb700px\u00a0\u00bb max_width=\u00a0\u00bb700px\u00a0\u00bb global_colors_info=\u00a0\u00bb{}\u00a0\u00bb][et_pb_column type=\u00a0\u00bb4_4&Prime; _builder_version=\u00a0\u00bb4.27.0&Prime; _module_preset=\u00a0\u00bbdefault\u00a0\u00bb global_colors_info=\u00a0\u00bb{}\u00a0\u00bb][et_pb_text _builder_version=\u00a0\u00bb4.27.0&Prime; _module_preset=\u00a0\u00bbdefault\u00a0\u00bb header_font=\u00a0\u00bbArial|600|||||||\u00a0\u00bb header_text_color=\u00a0\u00bb#000000&Prime; header_font_size=\u00a0\u00bb2em\u00a0\u00bb background_color=\u00a0\u00bb#07b7c4&Prime; custom_padding=\u00a0\u00bb10px|10px|0px|10px|false|false\u00a0\u00bb hover_enabled=\u00a0\u00bb0&Prime; border_radii=\u00a0\u00bbon|10px|10px|10px|10px\u00a0\u00bb box_shadow_style=\u00a0\u00bbpreset1&Prime; global_colors_info=\u00a0\u00bb{}\u00a0\u00bb sticky_enabled=\u00a0\u00bb0&Prime;]<\/p>\n<h1><strong>TABLE RONDE N\u00b05 : <\/strong> int\u00e9gration sociale des jeunes et s\u00e9curit\u00e9 urbaine : leviers essentiels pour des villes s\u00fbres, r\u00e9silientes, inclusives.<\/h1>\n<p>[\/et_pb_text][\/et_pb_column][\/et_pb_row][et_pb_row _builder_version=\u00a0\u00bb4.27.0&Prime; _module_preset=\u00a0\u00bbdefault\u00a0\u00bb global_colors_info=\u00a0\u00bb{}\u00a0\u00bb][et_pb_column type=\u00a0\u00bb4_4&Prime; _builder_version=\u00a0\u00bb4.27.0&Prime; _module_preset=\u00a0\u00bbdefault\u00a0\u00bb global_colors_info=\u00a0\u00bb{}\u00a0\u00bb][et_pb_text _builder_version=\u00a0\u00bb4.27.0&Prime; _module_preset=\u00a0\u00bbdefault\u00a0\u00bb header_2_font=\u00a0\u00bbArial|700|||||||\u00a0\u00bb header_2_text_color=\u00a0\u00bb#E02B20&Prime; header_2_font_size=\u00a0\u00bb30px\u00a0\u00bb text_orientation=\u00a0\u00bbcenter\u00a0\u00bb global_colors_info=\u00a0\u00bb{}\u00a0\u00bb]<\/p>\n<h2>Mod\u00e9rateur<\/h2>\n<p>[\/et_pb_text][bck_advanced_team use_lightbox=\u00a0\u00bbon\u00a0\u00bb photo_alt=\u00a0\u00bbDR\/ MINJEC\/SUD\u00a0\u00bb member_name=\u00a0\u00bbDR\/ MINJEC\/SUD\u00a0\u00bb job_title=\u00a0\u00bbDR\/ MINJEC\/SUD\u00a0\u00bb photo_width=\u00a0\u00bb350px\u00a0\u00bb photo_height=\u00a0\u00bb350px\u00a0\u00bb photo_alignment=\u00a0\u00bbcenter\u00a0\u00bb content_alignment=\u00a0\u00bbcenter\u00a0\u00bb content_padding=\u00a0\u00bb10px|10px|10px|10px|true|true\u00a0\u00bb name_bottom_spacing=\u00a0\u00bb8px\u00a0\u00bb job_bottom_spacing=\u00a0\u00bb5px\u00a0\u00bb _builder_version=\u00a0\u00bb4.27.0&Prime; _module_preset=\u00a0\u00bbdefault\u00a0\u00bb name_font=\u00a0\u00bb|700|||||||\u00a0\u00bb name_text_color=\u00a0\u00bb#000000&Prime; job_title_font=\u00a0\u00bb|700||on|||||\u00a0\u00bb job_title_text_color=\u00a0\u00bb#000000&Prime; job_title_font_size=\u00a0\u00bb16px\u00a0\u00bb custom_margin=\u00a0\u00bb||||false|false\u00a0\u00bb custom_padding=\u00a0\u00bb||||false|false\u00a0\u00bb hover_enabled=\u00a0\u00bb0&Prime; border_width_bottom_content=\u00a0\u00bb1px\u00a0\u00bb border_color_bottom_content=\u00a0\u00bb#0C71C3&Prime; border_radii_photo=\u00a0\u00bbon|50%|50%|50%|50%\u00a0\u00bb locked=\u00a0\u00bboff\u00a0\u00bb global_colors_info=\u00a0\u00bb{}\u00a0\u00bb sticky_enabled=\u00a0\u00bb0&Prime;][\/bck_advanced_team][et_pb_text _builder_version=\u00a0\u00bb4.27.0&Prime; _module_preset=\u00a0\u00bbdefault\u00a0\u00bb header_2_font=\u00a0\u00bbArial|700|||||||\u00a0\u00bb header_2_text_color=\u00a0\u00bb#E02B20&Prime; header_2_font_size=\u00a0\u00bb30px\u00a0\u00bb text_orientation=\u00a0\u00bbcenter\u00a0\u00bb locked=\u00a0\u00bboff\u00a0\u00bb global_colors_info=\u00a0\u00bb{}\u00a0\u00bb]<\/p>\n<h2>Panelistes<\/h2>\n<p>[\/et_pb_text][\/et_pb_column][\/et_pb_row][et_pb_row column_structure=\u00a0\u00bb1_3,1_3,1_3&Prime; _builder_version=\u00a0\u00bb4.27.0&Prime; _module_preset=\u00a0\u00bbdefault\u00a0\u00bb locked=\u00a0\u00bboff\u00a0\u00bb global_colors_info=\u00a0\u00bb{}\u00a0\u00bb][et_pb_column type=\u00a0\u00bb1_3&Prime; _builder_version=\u00a0\u00bb4.27.0&Prime; _module_preset=\u00a0\u00bbdefault\u00a0\u00bb global_colors_info=\u00a0\u00bb{}\u00a0\u00bb][bck_advanced_team use_lightbox=\u00a0\u00bbon\u00a0\u00bb photo_alt=\u00a0\u00bbDR\/DGSN\/SUD\u00a0\u00bb member_name=\u00a0\u00bbDR\/DGSN\/SUD\u00a0\u00bb job_title=\u00a0\u00bbDR\/DGSN\/SUD\u00a0\u00bb photo_width=\u00a0\u00bb250px\u00a0\u00bb photo_height=\u00a0\u00bb250px\u00a0\u00bb photo_alignment=\u00a0\u00bbcenter\u00a0\u00bb content_alignment=\u00a0\u00bbcenter\u00a0\u00bb content_padding=\u00a0\u00bb10px|10px|10px|10px|true|true\u00a0\u00bb name_bottom_spacing=\u00a0\u00bb8px\u00a0\u00bb job_bottom_spacing=\u00a0\u00bb5px\u00a0\u00bb _builder_version=\u00a0\u00bb4.27.0&Prime; _module_preset=\u00a0\u00bbdefault\u00a0\u00bb name_font=\u00a0\u00bb|700|||||||\u00a0\u00bb name_text_color=\u00a0\u00bb#000000&Prime; job_title_font=\u00a0\u00bb|700||on|||||\u00a0\u00bb job_title_text_color=\u00a0\u00bb#000000&Prime; job_title_font_size=\u00a0\u00bb16px\u00a0\u00bb custom_margin=\u00a0\u00bb||||false|false\u00a0\u00bb custom_padding=\u00a0\u00bb||||false|false\u00a0\u00bb hover_enabled=\u00a0\u00bb0&Prime; border_width_bottom_content=\u00a0\u00bb1px\u00a0\u00bb border_color_bottom_content=\u00a0\u00bb#0C71C3&Prime; border_radii_photo=\u00a0\u00bbon|50%|50%|50%|50%\u00a0\u00bb global_colors_info=\u00a0\u00bb{}\u00a0\u00bb sticky_enabled=\u00a0\u00bb0&Prime;][\/bck_advanced_team][\/et_pb_column][et_pb_column type=\u00a0\u00bb1_3&Prime; _builder_version=\u00a0\u00bb4.27.0&Prime; _module_preset=\u00a0\u00bbdefault\u00a0\u00bb global_colors_info=\u00a0\u00bb{}\u00a0\u00bb][bck_advanced_team use_lightbox=\u00a0\u00bbon\u00a0\u00bb photo_alt=\u00a0\u00bbDR\/MINAS\/SUD\u00a0\u00bb member_name=\u00a0\u00bbDR\/MINAS\/SUD\u00a0\u00bb job_title=\u00a0\u00bbDR\/MINAS\/SUD\u00a0\u00bb photo_width=\u00a0\u00bb250px\u00a0\u00bb photo_height=\u00a0\u00bb250px\u00a0\u00bb photo_alignment=\u00a0\u00bbcenter\u00a0\u00bb content_alignment=\u00a0\u00bbcenter\u00a0\u00bb content_padding=\u00a0\u00bb10px|10px|10px|10px|true|true\u00a0\u00bb name_bottom_spacing=\u00a0\u00bb8px\u00a0\u00bb job_bottom_spacing=\u00a0\u00bb5px\u00a0\u00bb _builder_version=\u00a0\u00bb4.27.0&Prime; _module_preset=\u00a0\u00bbdefault\u00a0\u00bb name_font=\u00a0\u00bb|700|||||||\u00a0\u00bb name_text_color=\u00a0\u00bb#000000&Prime; job_title_font=\u00a0\u00bb|700||on|||||\u00a0\u00bb job_title_text_color=\u00a0\u00bb#000000&Prime; job_title_font_size=\u00a0\u00bb16px\u00a0\u00bb custom_margin=\u00a0\u00bb||||false|false\u00a0\u00bb custom_padding=\u00a0\u00bb||||false|false\u00a0\u00bb hover_enabled=\u00a0\u00bb0&Prime; border_width_bottom_content=\u00a0\u00bb1px\u00a0\u00bb border_color_bottom_content=\u00a0\u00bb#0C71C3&Prime; border_radii_photo=\u00a0\u00bbon|50%|50%|50%|50%\u00a0\u00bb global_colors_info=\u00a0\u00bb{}\u00a0\u00bb sticky_enabled=\u00a0\u00bb0&Prime;][\/bck_advanced_team][\/et_pb_column][et_pb_column type=\u00a0\u00bb1_3&Prime; _builder_version=\u00a0\u00bb4.27.0&Prime; _module_preset=\u00a0\u00bbdefault\u00a0\u00bb global_colors_info=\u00a0\u00bb{}\u00a0\u00bb][bck_advanced_team use_lightbox=\u00a0\u00bbon\u00a0\u00bb photo_alt=\u00a0\u00bbDR\/MINSANTE\/SUD\u00a0\u00bb member_name=\u00a0\u00bbDR\/MINSANTE\/SUD\u00a0\u00bb job_title=\u00a0\u00bbDR\/MINSANTE\/SUD\u00a0\u00bb photo_width=\u00a0\u00bb250px\u00a0\u00bb photo_height=\u00a0\u00bb250px\u00a0\u00bb photo_alignment=\u00a0\u00bbcenter\u00a0\u00bb content_alignment=\u00a0\u00bbcenter\u00a0\u00bb content_padding=\u00a0\u00bb10px|10px|10px|10px|true|true\u00a0\u00bb name_bottom_spacing=\u00a0\u00bb8px\u00a0\u00bb job_bottom_spacing=\u00a0\u00bb5px\u00a0\u00bb _builder_version=\u00a0\u00bb4.27.0&Prime; _module_preset=\u00a0\u00bbdefault\u00a0\u00bb name_font=\u00a0\u00bb|700|||||||\u00a0\u00bb name_text_color=\u00a0\u00bb#000000&Prime; job_title_font=\u00a0\u00bb|700||on|||||\u00a0\u00bb job_title_text_color=\u00a0\u00bb#000000&Prime; job_title_font_size=\u00a0\u00bb16px\u00a0\u00bb custom_margin=\u00a0\u00bb||||false|false\u00a0\u00bb custom_padding=\u00a0\u00bb||||false|false\u00a0\u00bb hover_enabled=\u00a0\u00bb0&Prime; border_width_bottom_content=\u00a0\u00bb1px\u00a0\u00bb border_color_bottom_content=\u00a0\u00bb#0C71C3&Prime; border_radii_photo=\u00a0\u00bbon|50%|50%|50%|50%\u00a0\u00bb global_colors_info=\u00a0\u00bb{}\u00a0\u00bb sticky_enabled=\u00a0\u00bb0&Prime;][\/bck_advanced_team][\/et_pb_column][\/et_pb_row][et_pb_row column_structure=\u00a0\u00bb1_3,1_3,1_3&Prime; _builder_version=\u00a0\u00bb4.27.0&Prime; _module_preset=\u00a0\u00bbdefault\u00a0\u00bb locked=\u00a0\u00bboff\u00a0\u00bb global_colors_info=\u00a0\u00bb{}\u00a0\u00bb][et_pb_column type=\u00a0\u00bb1_3&Prime; _builder_version=\u00a0\u00bb4.27.0&Prime; _module_preset=\u00a0\u00bbdefault\u00a0\u00bb global_colors_info=\u00a0\u00bb{}\u00a0\u00bb][bck_advanced_team use_lightbox=\u00a0\u00bbon\u00a0\u00bb photo_alt=\u00a0\u00bbRESPONSABLE DU CENTRE D\u2019INT\u00c9GRATION DES JEUNES D\u2019EBOLOWA.\u00a0\u00bb member_name=\u00a0\u00bbRESPONSABLE DU CENTRE D\u2019INT\u00c9GRATION DES JEUNES D\u2019EBOLOWA.\u00a0\u00bb photo_width=\u00a0\u00bb250px\u00a0\u00bb photo_height=\u00a0\u00bb250px\u00a0\u00bb photo_alignment=\u00a0\u00bbcenter\u00a0\u00bb content_alignment=\u00a0\u00bbcenter\u00a0\u00bb content_padding=\u00a0\u00bb10px|10px|10px|10px|true|true\u00a0\u00bb name_bottom_spacing=\u00a0\u00bb8px\u00a0\u00bb job_bottom_spacing=\u00a0\u00bb5px\u00a0\u00bb _builder_version=\u00a0\u00bb4.27.0&Prime; _module_preset=\u00a0\u00bbdefault\u00a0\u00bb name_font=\u00a0\u00bb|700|||||||\u00a0\u00bb name_text_color=\u00a0\u00bb#000000&Prime; job_title_font=\u00a0\u00bb|700||on|||||\u00a0\u00bb job_title_text_color=\u00a0\u00bb#000000&Prime; job_title_font_size=\u00a0\u00bb16px\u00a0\u00bb custom_margin=\u00a0\u00bb||||false|false\u00a0\u00bb custom_padding=\u00a0\u00bb||||false|false\u00a0\u00bb hover_enabled=\u00a0\u00bb0&Prime; border_width_bottom_content=\u00a0\u00bb1px\u00a0\u00bb border_color_bottom_content=\u00a0\u00bb#0C71C3&Prime; border_radii_photo=\u00a0\u00bbon|50%|50%|50%|50%\u00a0\u00bb global_colors_info=\u00a0\u00bb{}\u00a0\u00bb sticky_enabled=\u00a0\u00bb0&Prime;][\/bck_advanced_team][\/et_pb_column][et_pb_column type=\u00a0\u00bb1_3&Prime; _builder_version=\u00a0\u00bb4.27.0&Prime; _module_preset=\u00a0\u00bbdefault\u00a0\u00bb global_colors_info=\u00a0\u00bb{}\u00a0\u00bb][\/et_pb_column][et_pb_column type=\u00a0\u00bb1_3&Prime; _builder_version=\u00a0\u00bb4.27.0&Prime; _module_preset=\u00a0\u00bbdefault\u00a0\u00bb global_colors_info=\u00a0\u00bb{}\u00a0\u00bb][\/et_pb_column][\/et_pb_row][et_pb_row _builder_version=\u00a0\u00bb4.27.0&Prime; _module_preset=\u00a0\u00bbdefault\u00a0\u00bb locked=\u00a0\u00bboff\u00a0\u00bb global_colors_info=\u00a0\u00bb{}\u00a0\u00bb][et_pb_column type=\u00a0\u00bb4_4&Prime; _builder_version=\u00a0\u00bb4.27.0&Prime; _module_preset=\u00a0\u00bbdefault\u00a0\u00bb global_colors_info=\u00a0\u00bb{}\u00a0\u00bb][et_pb_text _builder_version=\u00a0\u00bb4.27.0&Prime; _module_preset=\u00a0\u00bbdefault\u00a0\u00bb header_2_font=\u00a0\u00bbArial|700|||||||\u00a0\u00bb header_2_text_color=\u00a0\u00bb#E02B20&Prime; header_2_font_size=\u00a0\u00bb30px\u00a0\u00bb text_orientation=\u00a0\u00bbcenter\u00a0\u00bb locked=\u00a0\u00bboff\u00a0\u00bb global_colors_info=\u00a0\u00bb{}\u00a0\u00bb]<\/p>\n<h2>Rapporteur<\/h2>\n<p>[\/et_pb_text][bck_advanced_team use_lightbox=\u00a0\u00bbon\u00a0\u00bb member_name=\u00a0\u00bbM.\/Mme xxxxxxx\u00a0\u00bb photo_width=\u00a0\u00bb250px\u00a0\u00bb photo_height=\u00a0\u00bb250px\u00a0\u00bb photo_alignment=\u00a0\u00bbcenter\u00a0\u00bb content_alignment=\u00a0\u00bbcenter\u00a0\u00bb content_padding=\u00a0\u00bb10px|10px|10px|10px|true|true\u00a0\u00bb name_bottom_spacing=\u00a0\u00bb8px\u00a0\u00bb job_bottom_spacing=\u00a0\u00bb5px\u00a0\u00bb _builder_version=\u00a0\u00bb4.27.0&Prime; _module_preset=\u00a0\u00bbdefault\u00a0\u00bb name_font=\u00a0\u00bb|700|||||||\u00a0\u00bb name_text_color=\u00a0\u00bb#000000&Prime; job_title_font=\u00a0\u00bb|700||on|||||\u00a0\u00bb job_title_text_color=\u00a0\u00bb#000000&Prime; job_title_font_size=\u00a0\u00bb16px\u00a0\u00bb custom_margin=\u00a0\u00bb||||false|false\u00a0\u00bb custom_padding=\u00a0\u00bb||||false|false\u00a0\u00bb border_width_bottom_content=\u00a0\u00bb1px\u00a0\u00bb border_color_bottom_content=\u00a0\u00bb#0C71C3&Prime; border_radii_photo=\u00a0\u00bbon|50%|50%|50%|50%\u00a0\u00bb global_colors_info=\u00a0\u00bb{}\u00a0\u00bb][\/bck_advanced_team][et_pb_text _builder_version=\u00a0\u00bb4.27.0&Prime; _module_preset=\u00a0\u00bbdefault\u00a0\u00bb header_2_font=\u00a0\u00bbArial|700|||||||\u00a0\u00bb header_2_text_color=\u00a0\u00bb#E02B20&Prime; header_2_font_size=\u00a0\u00bb30px\u00a0\u00bb text_orientation=\u00a0\u00bbcenter\u00a0\u00bb locked=\u00a0\u00bboff\u00a0\u00bb global_colors_info=\u00a0\u00bb{}\u00a0\u00bb]<\/p>\n<h2>Participants<\/h2>\n<p>[\/et_pb_text][bck_list_group item_per_row=\u00a0\u00bb2&Prime; icon_size=\u00a0\u00bb10px\u00a0\u00bb item_per_row_tablet=\u00a0\u00bb2&Prime; item_per_row_phone=\u00a0\u00bb1&Prime; item_per_row_last_edited=\u00a0\u00bbon|phone\u00a0\u00bb _builder_version=\u00a0\u00bb4.27.0&Prime; _module_preset=\u00a0\u00bbdefault\u00a0\u00bb title_font=\u00a0\u00bb|600||on|||||\u00a0\u00bb title_text_color=\u00a0\u00bb#000000&Prime; subtitle_text_color=\u00a0\u00bb#000000&Prime; hover_enabled=\u00a0\u00bb0&Prime; title_font_size_tablet=\u00a0\u00bb18px\u00a0\u00bb title_font_size_phone=\u00a0\u00bb14px\u00a0\u00bb title_font_size_last_edited=\u00a0\u00bbon|phone\u00a0\u00bb global_colors_info=\u00a0\u00bb{}\u00a0\u00bb sticky_enabled=\u00a0\u00bb0&Prime;][bck_list_group_child title=\u00a0\u00bbONU-HABITAT\u00a0\u00bb icon=\u00a0\u00bb&#xf111;||fa||900&Prime; _builder_version=\u00a0\u00bb4.27.0&Prime; _module_preset=\u00a0\u00bbdefault\u00a0\u00bb hover_enabled=\u00a0\u00bb0&Prime; global_colors_info=\u00a0\u00bb{}\u00a0\u00bb sticky_enabled=\u00a0\u00bb0&Prime;][\/bck_list_group_child][bck_list_group_child title=\u00a0\u00bbINGENIEURS \u00a0\u00bb icon=\u00a0\u00bb&#xf111;||fa||900&Prime; _builder_version=\u00a0\u00bb4.27.0&Prime; _module_preset=\u00a0\u00bbdefault\u00a0\u00bb hover_enabled=\u00a0\u00bb0&Prime; global_colors_info=\u00a0\u00bb{}\u00a0\u00bb sticky_enabled=\u00a0\u00bb0&Prime;][\/bck_list_group_child][bck_list_group_child title=\u00a0\u00bbARCHITECTES \u00a0\u00bb icon=\u00a0\u00bb&#xf111;||fa||900&Prime; _builder_version=\u00a0\u00bb4.27.0&Prime; _module_preset=\u00a0\u00bbdefault\u00a0\u00bb hover_enabled=\u00a0\u00bb0&Prime; global_colors_info=\u00a0\u00bb{}\u00a0\u00bb sticky_enabled=\u00a0\u00bb0&Prime;][\/bck_list_group_child][bck_list_group_child title=\u00a0\u00bbURBANISTES \u00a0\u00bb icon=\u00a0\u00bb&#xf111;||fa||900&Prime; _builder_version=\u00a0\u00bb4.27.0&Prime; _module_preset=\u00a0\u00bbdefault\u00a0\u00bb hover_enabled=\u00a0\u00bb0&Prime; global_colors_info=\u00a0\u00bb{}\u00a0\u00bb sticky_enabled=\u00a0\u00bb0&Prime;][\/bck_list_group_child][bck_list_group_child title=\u00a0\u00bbMAIRES \u00a0\u00bb icon=\u00a0\u00bb&#xf111;||fa||900&Prime; _builder_version=\u00a0\u00bb4.27.0&Prime; _module_preset=\u00a0\u00bbdefault\u00a0\u00bb hover_enabled=\u00a0\u00bb0&Prime; global_colors_info=\u00a0\u00bb{}\u00a0\u00bb sticky_enabled=\u00a0\u00bb0&Prime;][\/bck_list_group_child][bck_list_group_child title=\u00a0\u00bbINVIT\u00c9S \u00a0\u00bb icon=\u00a0\u00bb&#xf111;||fa||900&Prime; _builder_version=\u00a0\u00bb4.27.0&Prime; _module_preset=\u00a0\u00bbdefault\u00a0\u00bb hover_enabled=\u00a0\u00bb0&Prime; global_colors_info=\u00a0\u00bb{}\u00a0\u00bb sticky_enabled=\u00a0\u00bb0&Prime;][\/bck_list_group_child][bck_list_group_child title=\u00a0\u00bbLES ORGANISATIONS DE LA SOCI\u00c9T\u00c9 CIVILE \u00a0\u00bb icon=\u00a0\u00bb&#xf111;||fa||900&Prime; _builder_version=\u00a0\u00bb4.27.0&Prime; _module_preset=\u00a0\u00bbdefault\u00a0\u00bb hover_enabled=\u00a0\u00bb0&Prime; global_colors_info=\u00a0\u00bb{}\u00a0\u00bb sticky_enabled=\u00a0\u00bb0&Prime;][\/bck_list_group_child][bck_list_group_child title=\u00a0\u00bb\u00c9TUDIANTS\u00a0\u00bb icon=\u00a0\u00bb&#xf111;||fa||900&Prime; _builder_version=\u00a0\u00bb4.27.0&Prime; _module_preset=\u00a0\u00bbdefault\u00a0\u00bb hover_enabled=\u00a0\u00bb0&Prime; global_colors_info=\u00a0\u00bb{}\u00a0\u00bb sticky_enabled=\u00a0\u00bb0&Prime;][\/bck_list_group_child][bck_list_group_child title=\u00a0\u00bbLA POLICE, LES FORCES ARM\u00c9ES, LES SOCI\u00c9T\u00c9S DE S\u00c9CURIT\u00c9 PRIV\u00c9ES, etc\u00a0\u00bb icon=\u00a0\u00bb&#xf111;||fa||900&Prime; _builder_version=\u00a0\u00bb4.27.0&Prime; _module_preset=\u00a0\u00bbdefault\u00a0\u00bb hover_enabled=\u00a0\u00bb0&Prime; global_colors_info=\u00a0\u00bb{}\u00a0\u00bb sticky_enabled=\u00a0\u00bb0&Prime;][\/bck_list_group_child][\/bck_list_group][\/et_pb_column][\/et_pb_row][\/et_pb_section][et_pb_section fb_built=\u00a0\u00bb1&Prime; _builder_version=\u00a0\u00bb4.27.0&Prime; _module_preset=\u00a0\u00bbdefault\u00a0\u00bb background_color=\u00a0\u00bbrgba(232,232,232,0.2)\u00a0\u00bb custom_padding=\u00a0\u00bb0px||0px|||\u00a0\u00bb top_divider_style=\u00a0\u00bbwaves2&Prime; top_divider_color=\u00a0\u00bb#E09900&Prime; bottom_divider_style=\u00a0\u00bbwaves2&Prime; bottom_divider_color=\u00a0\u00bb#E09900&Prime; global_colors_info=\u00a0\u00bb{}\u00a0\u00bb][et_pb_row column_structure=\u00a0\u00bb3_5,2_5&Prime; _builder_version=\u00a0\u00bb4.27.0&Prime; _module_preset=\u00a0\u00bbdefault\u00a0\u00bb width=\u00a0\u00bb95%\u00a0\u00bb max_width=\u00a0\u00bb95%\u00a0\u00bb custom_padding=\u00a0\u00bb||39px|||\u00a0\u00bb global_colors_info=\u00a0\u00bb{}\u00a0\u00bb][et_pb_column type=\u00a0\u00bb3_5&Prime; _builder_version=\u00a0\u00bb4.27.0&Prime; _module_preset=\u00a0\u00bbdefault\u00a0\u00bb global_colors_info=\u00a0\u00bb{}\u00a0\u00bb][et_pb_text _builder_version=\u00a0\u00bb4.27.0&Prime; _module_preset=\u00a0\u00bbdefault\u00a0\u00bb header_2_font=\u00a0\u00bbArial|700|||||||\u00a0\u00bb header_2_text_color=\u00a0\u00bb#000000&Prime; header_2_font_size=\u00a0\u00bb30px\u00a0\u00bb text_orientation=\u00a0\u00bbcenter\u00a0\u00bb custom_margin=\u00a0\u00bb||5px|||\u00a0\u00bb locked=\u00a0\u00bboff\u00a0\u00bb global_colors_info=\u00a0\u00bb{}\u00a0\u00bb]<\/p>\n<h2>Vid\u00e9o de la table ronde<\/h2>\n<p>[\/et_pb_text][et_pb_video src=\u00a0\u00bbhttps:\/\/worldhabitatdaycameroon.org\/wp-content\/uploads\/2024\/09\/JMH-FINAL-FR.mp4&Prime; _builder_version=\u00a0\u00bb4.27.0&Prime; _module_preset=\u00a0\u00bbdefault\u00a0\u00bb global_colors_info=\u00a0\u00bb{}\u00a0\u00bb][\/et_pb_video][\/et_pb_column][et_pb_column type=\u00a0\u00bb2_5&Prime; _builder_version=\u00a0\u00bb4.27.0&Prime; _module_preset=\u00a0\u00bbdefault\u00a0\u00bb global_colors_info=\u00a0\u00bb{}\u00a0\u00bb][et_pb_text _builder_version=\u00a0\u00bb4.27.0&Prime; _module_preset=\u00a0\u00bbdefault\u00a0\u00bb header_2_font=\u00a0\u00bbArial|700|||||||\u00a0\u00bb header_2_text_color=\u00a0\u00bb#000000&Prime; header_2_font_size=\u00a0\u00bb30px\u00a0\u00bb text_orientation=\u00a0\u00bbcenter\u00a0\u00bb custom_margin=\u00a0\u00bb||5px|||\u00a0\u00bb locked=\u00a0\u00bboff\u00a0\u00bb global_colors_info=\u00a0\u00bb{}\u00a0\u00bb]<\/p>\n<h2>Documents<\/h2>\n<p>[\/et_pb_text][\/et_pb_column][\/et_pb_row][\/et_pb_section]<\/p>\n","protected":false},"excerpt":{"rendered":"<p>TABLE RONDE N\u00b05 : int\u00e9gration sociale des jeunes et s\u00e9curit\u00e9 urbaine : leviers essentiels pour des villes s\u00fbres, r\u00e9silientes, inclusives.Mod\u00e9rateur<div class=\"et_pb_with_border et_pb_module bck_advanced_team bck_advanced_team_0\">\n\t\t\t\t\n\t\t\t\t\n\t\t\t\t\n\t\t\t\t\n\t\t\t\t\n\t\t\t\t\n\t\t\t\t<div class=\"et_pb_module_inner\">\n\t\t\t\t\t<div class=\"bck-module bck-team bck-bg-support bck-swapped-img-selector bck-hover--none\">\r\n                \r\n\t\t\t\t<figure class=\"bck-figure bck-team-figure\">\r\n\t\t\t\t\t<div class=\"bck-overlay\"><i class=\"bck-overlay-icon\"><\/i><\/div>\r\n\t\t\t\t\t<img decoding=\"async\" class=\"bck-swapped-img bck-lightbox\" data-mfp-src=\"https:\/\/worldhabitatdaycameroon.org\/wp-content\/plugins\/brain-conkit\/public\/imgs\/placeholder.svg\" src=\"https:\/\/worldhabitatdaycameroon.org\/wp-content\/plugins\/brain-conkit\/public\/imgs\/placeholder.svg\"  alt=\"DR\/ MINJEC\/SUD\"\/>\r\n                <\/figure>\r\n\t\t\t\t<div class=\"bck-team-content content-center\">\r\n                    <div class=\"flex-top\">\r\n                        <h3>DR\/ MINJEC\/SUD<\/h3> <div class=\"bck-job-title\">DR\/ MINJEC\/SUD<\/div> \r\n                    <\/div>\r\n                    \r\n\t\t\t\t<\/div>\r\n\t\t\t<\/div>\n\t\t\t\t<\/div>\n\t\t\t<\/div>Panelistes<div class=\"et_pb_module bck_advanced_team bck_advanced_team_1\">\n\t\t\t\t\n\t\t\t\t\n\t\t\t\t\n\t\t\t\t\n\t\t\t\t\n\t\t\t\t\n\t\t\t\t<div class=\"et_pb_module_inner\">\n\t\t\t\t\t<div class=\"bck-module bck-team bck-bg-support bck-swapped-img-selector bck-hover--none\">\r\n                \r\n\t\t\t\t<figure class=\"bck-figure bck-team-figure\">\r\n\t\t\t\t\t<div class=\"bck-overlay\"><i class=\"bck-overlay-icon\"><\/i><\/div>\r\n\t\t\t\t\t<img decoding=\"async\" class=\"bck-swapped-img \" data-mfp-src=\"https:\/\/worldhabitatdaycameroon.org\/wp-content\/plugins\/brain-conkit\/public\/imgs\/placeholder.svg\" src=\"https:\/\/worldhabitatdaycameroon.org\/wp-content\/plugins\/brain-conkit\/public\/imgs\/placeholder.svg\"  alt=\"\u00bbDR\/DGSN\/SUD\"\/>\r\n                <\/figure>\r\n\t\t\t\t<div class=\"bck-team-content content-left\">\r\n                    <div class=\"flex-top\">\r\n                        <h3>\u00bbDR\/DGSN\/SUD<\/h3> <div class=\"bck-job-title\">\u00bbDR\/DGSN\/SUD<\/div> \r\n                    <\/div>\r\n                    \r\n\t\t\t\t<\/div>\r\n\t\t\t<\/div>\n\t\t\t\t<\/div>\n\t\t\t<\/div><\/p>\n","protected":false},"author":1,"featured_media":0,"parent":0,"menu_order":0,"comment_status":"closed","ping_status":"closed","template":"","meta":{"_et_pb_use_builder":"on","_et_pb_old_content":"","_et_gb_content_width":"","loftloader_page_shortcode":"","footnotes":""},"class_list":["post-576","page","type-page","status-publish","hentry"],"_links":{"self":[{"href":"https:\/\/worldhabitatdaycameroon.org\/fr\/wp-json\/wp\/v2\/pages\/576","targetHints":{"allow":["GET"]}}],"collection":[{"href":"https:\/\/worldhabitatdaycameroon.org\/fr\/wp-json\/wp\/v2\/pages"}],"about":[{"href":"https:\/\/worldhabitatdaycameroon.org\/fr\/wp-json\/wp\/v2\/types\/page"}],"author":[{"embeddable":true,"href":"https:\/\/worldhabitatdaycameroon.org\/fr\/wp-json\/wp\/v2\/users\/1"}],"replies":[{"embeddable":true,"href":"https:\/\/worldhabitatdaycameroon.org\/fr\/wp-json\/wp\/v2\/comments?post=576"}],"version-history":[{"count":2,"href":"https:\/\/worldhabitatdaycameroon.org\/fr\/wp-json\/wp\/v2\/pages\/576\/revisions"}],"predecessor-version":[{"id":580,"href":"https:\/\/worldhabitatdaycameroon.org\/fr\/wp-json\/wp\/v2\/pages\/576\/revisions\/580"}],"wp:attachment":[{"href":"https:\/\/worldhabitatdaycameroon.org\/fr\/wp-json\/wp\/v2\/media?parent=576"}],"curies":[{"name":"wp","href":"https:\/\/api.w.org\/{rel}","templated":true}]}}