{"id":958,"date":"2025-03-28T14:24:59","date_gmt":"2025-03-28T13:24:59","guid":{"rendered":"http:\/\/89.116.22.209\/?page_id=958"},"modified":"2025-06-17T15:20:07","modified_gmt":"2025-06-17T13:20:07","slug":"jmh-2023","status":"publish","type":"page","link":"https:\/\/worldhabitatdaycameroon.org\/en\/jmh-2023\/","title":{"rendered":"whd-2023"},"content":{"rendered":"<p>[et_pb_section fb_built=&#8221;1&#8243; custom_padding_last_edited=&#8221;on|phone&#8221; admin_label=&#8221;Schedule&#8221; _builder_version=&#8221;4.27.0&#8243; _module_preset=&#8221;default&#8221; background_color=&#8221;rgba(131,0,233,0.2)&#8221; width=&#8221;90%&#8221; width_tablet=&#8221;90%&#8221; width_phone=&#8221;100%&#8221; width_last_edited=&#8221;on|phone&#8221; max_width=&#8221;90%&#8221; max_width_tablet=&#8221;90%&#8221; max_width_phone=&#8221;100%&#8221; max_width_last_edited=&#8221;on|phone&#8221; module_alignment=&#8221;center&#8221; custom_margin=&#8221;0px|0px|0px|0px|false|false&#8221; custom_padding=&#8221;20px|0px|20px|0px|true|false&#8221; custom_padding_tablet=&#8221;20px|0px|20px|0px|true|false&#8221; custom_padding_phone=&#8221;0px|0px|0px|0px|true|false&#8221; collapsed=&#8221;on&#8221; global_colors_info=&#8221;{}&#8221;][et_pb_row use_custom_gutter=&#8221;on&#8221; gutter_width=&#8221;1&#8243; make_equal=&#8221;on&#8221; custom_padding_last_edited=&#8221;on|desktop&#8221; _builder_version=&#8221;4.27.0&#8243; _module_preset=&#8221;default&#8221; background_color=&#8221;rgba(248,249,250,0.2)&#8221; width=&#8221;90%&#8221; width_tablet=&#8221;98%&#8221; width_phone=&#8221;97%&#8221; width_last_edited=&#8221;on|phone&#8221; max_width=&#8221;97%&#8221; module_alignment=&#8221;center&#8221; custom_margin=&#8221;||||false|false&#8221; custom_margin_tablet=&#8221;||||false|false&#8221; custom_margin_phone=&#8221;||||false|false&#8221; custom_margin_last_edited=&#8221;on|desktop&#8221; custom_padding=&#8221;||||false|false&#8221; custom_padding_tablet=&#8221;||||false|false&#8221; custom_padding_phone=&#8221;||||false|false&#8221; global_colors_info=&#8221;{}&#8221;][et_pb_column type=&#8221;4_4&#8243; _builder_version=&#8221;4.25.1&#8243; _module_preset=&#8221;default&#8221; global_colors_info=&#8221;{}&#8221;][et_pb_text _builder_version=&#8221;4.27.0&#8243; _module_preset=&#8221;default&#8221; text_font=&#8221;Aldrich|700|||||||&#8221; text_text_color=&#8221;#9e0140&#8243; text_font_size=&#8221;4rem&#8221; custom_margin=&#8221;||||false|false&#8221; custom_padding=&#8221;25px||35px||false|false&#8221; custom_padding_tablet=&#8221;25px||35px||false|false&#8221; custom_padding_phone=&#8221;16px||15px||false|false&#8221; custom_padding_last_edited=&#8221;on|phone&#8221; text_font_size_tablet=&#8221;4rem&#8221; text_font_size_phone=&#8221;2rem&#8221; text_font_size_last_edited=&#8221;on|phone&#8221; content_en_us=&#8221;<\/p>\n<p>WHD 2023<\/p>\n<p>&#8221; text_text_shadow_style=&#8221;preset2&#8243; box_shadow_style=&#8221;preset3&#8243; global_colors_info=&#8221;{}&#8221; title_font_size_tablet=&#8221;4rem&#8221; title_font_size_phone=&#8221;2rem&#8221; title_font_size_last_edited=&#8221;on|phone&#8221;]<\/p>\n<p>JMH 2023<\/p>\n<p>[\/et_pb_text][\/et_pb_column][\/et_pb_row][\/et_pb_section][et_pb_section fb_built=&#8221;1&#8243; custom_padding_last_edited=&#8221;on|phone&#8221; admin_label=&#8221;Schedule&#8221; _builder_version=&#8221;4.27.0&#8243; _module_preset=&#8221;default&#8221; background_color=&#8221;#f8f9fa&#8221; custom_margin=&#8221;0px||0px||true|false&#8221; custom_padding=&#8221;||||false|false&#8221; custom_padding_tablet=&#8221;||||false|false&#8221; custom_padding_phone=&#8221;0px||0px||true|false&#8221; border_color_all=&#8221;RGBA(255,255,255,0)&#8221; collapsed=&#8221;off&#8221; global_colors_info=&#8221;{}&#8221;][et_pb_row _builder_version=&#8221;4.27.0&#8243; _module_preset=&#8221;default&#8221; width=&#8221;90%&#8221; width_tablet=&#8221;98%&#8221; width_phone=&#8221;97%&#8221; width_last_edited=&#8221;on|phone&#8221; max_width=&#8221;97%&#8221; module_alignment=&#8221;center&#8221; custom_margin=&#8221;0px|0px|0px|0px|false|false&#8221; custom_padding=&#8221;0px|0px|0px|0px|false|false&#8221; collapsed=&#8221;off&#8221; global_colors_info=&#8221;{}&#8221;][et_pb_column type=&#8221;4_4&#8243; _builder_version=&#8221;4.27.0&#8243; _module_preset=&#8221;default&#8221; global_colors_info=&#8221;{}&#8221;][et_pb_cta title=&#8221;Revivez les activit\u00e9s de la JMH 2023&#8243; button_url=&#8221;https:\/\/www.minhdu.gov.cm\/jmhregistration\/public\/index.php\/&#8221; _builder_version=&#8221;4.27.0&#8243; _module_preset=&#8221;be0cc754-576a-4b1c-868d-f6226f85de4d&#8221; header_font=&#8221;Poppins|700|||||||&#8221; header_text_align=&#8221;center&#8221; header_text_color=&#8221;#000000&#8243; header_font_size=&#8221;50px&#8221; header_line_height=&#8221;1.2em&#8221; body_font=&#8221;Poppins|Source Sans Pro_weight|||||||&#8221; body_text_align=&#8221;justify&#8221; body_text_color=&#8221;#000000&#8243; body_font_size=&#8221;18px&#8221; body_line_height=&#8221;1.75em&#8221; background_color=&#8221;#FFFFFF&#8221; custom_button=&#8221;on&#8221; button_text_size=&#8221;14px&#8221; button_text_color=&#8221;#FFFFFF&#8221; button_bg_color=&#8221;#cd0d62&#8243; button_border_width=&#8221;0px&#8221; button_border_radius=&#8221;30px&#8221; button_font=&#8221;Poppins|700|||||||&#8221; button_alignment=&#8221;center&#8221; button_custom_padding=&#8221;12px|24px|12px|24px|true|true&#8221; background_layout=&#8221;light&#8221; custom_margin=&#8221;0px|0px|0px|0px|false|false&#8221; custom_padding=&#8221;10px|10px|10px|10px|false|false&#8221; link_option_url_new_window=&#8221;on&#8221; header_font_size_tablet=&#8221;28px&#8221; header_font_size_phone=&#8221;20px&#8221; header_font_size_last_edited=&#8221;on|phone&#8221; body_font_size_tablet=&#8221;16px&#8221; body_font_size_phone=&#8221;14px&#8221; body_font_size_last_edited=&#8221;on|phone&#8221; border_radii=&#8221;on|6px|6px|6px|6px&#8221; border_width_all=&#8221;2px&#8221; border_color_all=&#8221;rgba(0,0,0,0.08)&#8221; locked=&#8221;off&#8221; global_colors_info=&#8221;{%22gcid-828accbb-1ed2-407d-95be-20ab4e191566%22:%91%22border_color_all%22%93,%22#0e0c19%22:%91%22header_text_color%22%93,%22#3c3a47%22:%91%22body_text_color%22%93,%22gcid-f2943306-fa6c-45f0-b632-5fc00151366a%22:%91%22button_text_color%22,%22button_text_color%22%93,%22gcid-36fd78a7-34bc-404d-873c-dafa34efaae5%22:%91%22button_text_color%22,%22button_text_color%22,%22button_text_color%22%93}&#8221; text_font_size_tablet=&#8221;16px&#8221; text_font_size_phone=&#8221;14px&#8221; text_font_size_last_edited=&#8221;on|phone&#8221;]<\/p>\n<p>La JMH 2024 s&#8217;est tenue du 25 septembre au 02 octobre 2023 \u00e0 Garoua. Retrouvez ci-dessous les ressources sur les diff\u00e9rentes th\u00e9matiques developp\u00e9es durant la semaine de l&#8217;habitat .<\/p>\n<p>[\/et_pb_cta][\/et_pb_column][\/et_pb_row][\/et_pb_section][et_pb_section fb_built=&#8221;1&#8243; admin_label=&#8221;section&#8221; _builder_version=&#8221;4.27.0&#8243; background_color=&#8221;rgba(254,166,33,0.1)&#8221; custom_margin=&#8221;|0px||0px|false|false&#8221; custom_padding=&#8221;|0px||0px|false|false&#8221; top_divider_color=&#8221;#0C71C3&#8243; bottom_divider_color=&#8221;#0C71C3&#8243; collapsed=&#8221;off&#8221; global_colors_info=&#8221;{}&#8221;][et_pb_row _builder_version=&#8221;4.27.0&#8243; _module_preset=&#8221;default&#8221; width_tablet=&#8221;98%&#8221; width_phone=&#8221;97%&#8221; width_last_edited=&#8221;on|phone&#8221; max_width=&#8221;90%&#8221; max_width_tablet=&#8221;98%&#8221; max_width_phone=&#8221;97%&#8221; max_width_last_edited=&#8221;on|tablet&#8221; module_alignment=&#8221;center&#8221; custom_margin=&#8221;0px||||false|false&#8221; custom_padding=&#8221;0px||9px||false|false&#8221; collapsed=&#8221;off&#8221; global_colors_info=&#8221;{}&#8221;][et_pb_column type=&#8221;4_4&#8243; _builder_version=&#8221;4.27.0&#8243; _module_preset=&#8221;default&#8221; global_colors_info=&#8221;{}&#8221;][et_pb_text _builder_version=&#8221;4.27.0&#8243; _module_preset=&#8221;default&#8221; text_font=&#8221;Aldrich|700|||||||&#8221; text_text_color=&#8221;#9e0140&#8243; text_font_size=&#8221;4rem&#8221; custom_margin=&#8221;||||false|false&#8221; custom_padding=&#8221;17px||25px||false|false&#8221; hover_enabled=&#8221;0&#8243; content_en_us=&#8221;<\/p>\n<p>News<\/p>\n<p>&#8221; text_text_shadow_style=&#8221;preset2&#8243; border_radii=&#8221;on|9px|9px|9px|9px&#8221; border_width_bottom=&#8221;2px&#8221; border_color_bottom=&#8221;#cd0d62&#8243; border_width_left=&#8221;8px&#8221; border_color_left=&#8221;#cd0d62&#8243; box_shadow_style=&#8221;preset3&#8243; global_colors_info=&#8221;{}&#8221; title_font_size_tablet=&#8221;4rem&#8221; title_font_size_phone=&#8221;2rem&#8221; title_font_size_last_edited=&#8221;on|phone&#8221; text_font_size_last_edited=&#8221;on|phone&#8221; sticky_enabled=&#8221;0&#8243; text_font_size_tablet=&#8221;3rem&#8221; text_font_size_phone=&#8221;2rem&#8221;]<\/p>\n<p>Actualit\u00e9s<\/p>\n<p>[\/et_pb_text][brbl_post_carousel include_categories=&#8221;11,15&#8243; layout=&#8221;layout4&#8243; show_avatar=&#8221;off&#8221; show_author=&#8221;off&#8221; slide_count=&#8221;3&#8243; post_padding=&#8221;20px|20px|20px|20px|true|true&#8221; content_padding=&#8221;16px|3px|16px|3px|true|true&#8221; date_icon_color=&#8221;#cd0d62&#8243; post_bg_color=&#8221;#FFFFFF&#8221; slide_count_tablet=&#8221;2&#8243; slide_count_phone=&#8221;1&#8243; slide_count_last_edited=&#8221;on|desktop&#8221; _builder_version=&#8221;4.27.0&#8243; _module_preset=&#8221;default&#8221; title_font=&#8221;|600|||||||&#8221; title_text_color=&#8221;#6f0738&#8243; title_font_size=&#8221;15px&#8221; date_font=&#8221;|600|||||||&#8221; date_text_color=&#8221;#cd0d62&#8243; border_radii_post=&#8221;on|15px|15px|15px|15px&#8221; border_radii_image=&#8221;on|15px|15px|15px|15px&#8221; border_width_all_content=&#8221;0px&#8221; box_shadow_style_post=&#8221;preset1&#8243; global_colors_info=&#8221;{}&#8221;][\/brbl_post_carousel][\/et_pb_column][\/et_pb_row][\/et_pb_section][et_pb_section fb_built=&#8221;1&#8243; admin_label=&#8221;section&#8221; _builder_version=&#8221;4.27.0&#8243; background_color=&#8221;rgba(125,174,216,0.36)&#8221; custom_margin=&#8221;|0px||0px|false|false&#8221; custom_padding=&#8221;|0px||0px|false|false&#8221; top_divider_color=&#8221;#0C71C3&#8243; bottom_divider_color=&#8221;#0C71C3&#8243; collapsed=&#8221;off&#8221; global_colors_info=&#8221;{}&#8221;][et_pb_row _builder_version=&#8221;4.27.0&#8243; _module_preset=&#8221;default&#8221; width_tablet=&#8221;98%&#8221; width_phone=&#8221;97%&#8221; width_last_edited=&#8221;on|phone&#8221; max_width=&#8221;90%&#8221; max_width_tablet=&#8221;98%&#8221; max_width_phone=&#8221;97%&#8221; max_width_last_edited=&#8221;on|tablet&#8221; module_alignment=&#8221;center&#8221; custom_margin=&#8221;0px||||false|false&#8221; custom_padding=&#8221;0px||9px||false|false&#8221; collapsed=&#8221;off&#8221; global_colors_info=&#8221;{}&#8221;][et_pb_column type=&#8221;4_4&#8243; _builder_version=&#8221;4.27.0&#8243; _module_preset=&#8221;default&#8221; global_colors_info=&#8221;{}&#8221;][et_pb_text _builder_version=&#8221;4.27.0&#8243; _module_preset=&#8221;default&#8221; text_font=&#8221;Aldrich|700|||||||&#8221; text_text_color=&#8221;#9e0140&#8243; text_font_size=&#8221;4rem&#8221; text_line_height=&#8221;1em&#8221; custom_margin=&#8221;||||false|false&#8221; custom_padding=&#8221;5px||9px||false|false&#8221; custom_padding_tablet=&#8221;25px||35px||false|false&#8221; custom_padding_phone=&#8221;17px||13px||false|false&#8221; custom_padding_last_edited=&#8221;on|phone&#8221; text_font_size_tablet=&#8221;4rem&#8221; text_font_size_phone=&#8221;2rem&#8221; text_font_size_last_edited=&#8221;on|phone&#8221; content_en_us=&#8221;<\/p>\n<p>Round tables &#038; Special sessions<\/p>\n<p>&#8221; text_text_shadow_style=&#8221;preset2&#8243; border_radii=&#8221;on|9px|9px|9px|9px&#8221; border_width_bottom=&#8221;2px&#8221; border_color_bottom=&#8221;#cd0d62&#8243; border_width_left=&#8221;8px&#8221; border_color_left=&#8221;#cd0d62&#8243; box_shadow_style=&#8221;preset3&#8243; global_colors_info=&#8221;{}&#8221; title_font_size_tablet=&#8221;4rem&#8221; title_font_size_phone=&#8221;2rem&#8221; title_font_size_last_edited=&#8221;on|phone&#8221;]<\/p>\n<p>Tables rondes &amp; Session sp\u00e9ciales<\/p>\n<p>[\/et_pb_text][brbl_post_grid include_categories=&#8221;17&#8243; post_count=&#8221;10&#8243; post_padding=&#8221;20px|20px|20px|20px|true|true&#8221; content_padding=&#8221;16px|3px|16px|3px|true|true&#8221; date_icon_color=&#8221;#cd0d62&#8243; btn_spacing_top=&#8221;59px&#8221; category_placement=&#8221;bottom_right&#8221; category_padding=&#8221;3px|7px|3px|7px|false|false&#8221; show_avatar=&#8221;off&#8221; show_author=&#8221;off&#8221; post_bg_color=&#8221;#FFFFFF&#8221; column_count_tablet=&#8221;2&#8243; column_count_phone=&#8221;1&#8243; column_count_last_edited=&#8221;on|tablet&#8221; _builder_version=&#8221;4.27.0&#8243; _module_preset=&#8221;default&#8221; title_font=&#8221;|600|||||||&#8221; title_text_align=&#8221;justify&#8221; title_text_color=&#8221;#6f0738&#8243; title_font_size=&#8221;15px&#8221; date_font=&#8221;|600|||||||&#8221; date_text_color=&#8221;#cd0d62&#8243; custom_button=&#8221;on&#8221; button_text_size=&#8221;100px&#8221; button_text_color=&#8221;#8300E9&#8243; button_bg_color=&#8221;#7CDA24&#8243; button_font=&#8221;|600|||||||&#8221; width_tablet=&#8221;&#8221; width_phone=&#8221;90%&#8221; width_last_edited=&#8221;on|phone&#8221; max_width_tablet=&#8221;&#8221; max_width_phone=&#8221;90%&#8221; max_width_last_edited=&#8221;on|phone&#8221; module_alignment=&#8221;center&#8221; border_radii_post=&#8221;on|15px|15px|15px|15px&#8221; border_radii_image=&#8221;on|15px|15px|15px|15px&#8221; border_width_all_content=&#8221;0px&#8221; box_shadow_style_post=&#8221;preset1&#8243; global_colors_info=&#8221;{}&#8221;][\/brbl_post_grid][\/et_pb_column][\/et_pb_row][\/et_pb_section]<\/p>\n","protected":false},"excerpt":{"rendered":"<p>The 2023 WHD took place from 25 September to 2 October 2023 in Garoua. Find below information relating to the various themes discussed during the habitat week.<div class=\"et_pb_with_border et_pb_module ba_gradient_heading ba_gradient_heading_0\">\n\t\t\t\t\n\t\t\t\t\n\t\t\t\t\n\t\t\t\t\n\t\t\t\t\n\t\t\t\t\n\t\t\t\t<div class=\"et_pb_module_inner\">\n\t\t\t\t\t<h2 class=\"dtq-gradient-heading\">Actualit\u00e9s<\/h2>\n\t\t\t\t<\/div>\n\t\t\t<\/div><div class=\"et_pb_module brbl_post_carousel brbl_post_carousel_0\">\n\t\t\t\t\n\t\t\t\t\n\t\t\t\t\n\t\t\t\t\n\t\t\t\t\n\t\t\t\t\n\t\t\t\t<div class=\"et_pb_module_inner\">\n\t\t\t\t\t<div class=\"brbl-carousel brbl-blog-carousel brbl-carousel-frontend equal-height-on\" data-settings=\"{&quot;responsive&quot;:[{&quot;breakpoint&quot;:980},{&quot;breakpoint&quot;:767}],&quot;rtl&quot;:false,&quot;cssEase&quot;:&quot;ease-in-out&quot;,&quot;swipe&quot;:true,&quot;variableWidth&quot;:false,&quot;dots&quot;:false,&quot;arrows&quot;:true,&quot;infinite&quot;:true,&quot;autoplay&quot;:true,&quot;autoplaySpeed&quot;:2000,&quot;speed&quot;:700,&quot;slidesToShow&quot;:0,&quot;slidesToScroll&quot;:1,&quot;centerPadding&quot;:&quot;70px&quot;,&quot;centerMode&quot;:false,&quot;prevArrow&quot;:&quot;&lt;button type=\\&quot;button\\&quot; data-icon=\\&quot;4\\&quot; class=\\&quot;slick-arrow slick-prev\\&quot;&gt;Prev&lt;\\\/button&gt;&quot;,&quot;nextArrow&quot;:&quot;&lt;button type=\\&quot;button\\&quot; data-icon=\\&quot;5\\&quot; class=\\&quot;slick-arrow slick-next\\&quot;&gt;Prev&lt;\\\/button&gt;&quot;}\" dir=\"ltr\">\r\n                <div class=\"entry\">\n\t<h4 class=\"not-found-title\">No Results Found<\/h4>\n\t<p>The page you requested could not be found. Try refining your search, or use the navigation above to locate the post.<\/p>\n<\/div>\n\r\n            <\/div>\n\t\t\t\t<\/div>\n\t\t\t<\/div><\/p>\n","protected":false},"author":1,"featured_media":0,"parent":0,"menu_order":0,"comment_status":"closed","ping_status":"closed","template":"","meta":{"_et_pb_use_builder":"on","_et_pb_old_content":"<!-- wp:divi\/placeholder \/-->","_et_gb_content_width":"","loftloader_page_shortcode":"","footnotes":""},"class_list":["post-958","page","type-page","status-publish","hentry"],"_links":{"self":[{"href":"https:\/\/worldhabitatdaycameroon.org\/en\/wp-json\/wp\/v2\/pages\/958","targetHints":{"allow":["GET"]}}],"collection":[{"href":"https:\/\/worldhabitatdaycameroon.org\/en\/wp-json\/wp\/v2\/pages"}],"about":[{"href":"https:\/\/worldhabitatdaycameroon.org\/en\/wp-json\/wp\/v2\/types\/page"}],"author":[{"embeddable":true,"href":"https:\/\/worldhabitatdaycameroon.org\/en\/wp-json\/wp\/v2\/users\/1"}],"replies":[{"embeddable":true,"href":"https:\/\/worldhabitatdaycameroon.org\/en\/wp-json\/wp\/v2\/comments?post=958"}],"version-history":[{"count":13,"href":"https:\/\/worldhabitatdaycameroon.org\/en\/wp-json\/wp\/v2\/pages\/958\/revisions"}],"predecessor-version":[{"id":2286,"href":"https:\/\/worldhabitatdaycameroon.org\/en\/wp-json\/wp\/v2\/pages\/958\/revisions\/2286"}],"wp:attachment":[{"href":"https:\/\/worldhabitatdaycameroon.org\/en\/wp-json\/wp\/v2\/media?parent=958"}],"curies":[{"name":"wp","href":"https:\/\/api.w.org\/{rel}","templated":true}]}}