{"id":569,"date":"2024-09-22T21:49:34","date_gmt":"2024-09-22T19:49:34","guid":{"rendered":"http:\/\/89.116.22.209\/?page_id=569"},"modified":"2024-09-22T21:57:35","modified_gmt":"2024-09-22T19:57:35","slug":"tableronde3","status":"publish","type":"page","link":"https:\/\/worldhabitatdaycameroon.org\/en\/tableronde3\/","title":{"rendered":"tableronde3"},"content":{"rendered":"<p>[et_pb_section fb_built=&#8221;1&#8243; inner_shadow=&#8221;on&#8221; _builder_version=&#8221;4.27.0&#8243; _module_preset=&#8221;default&#8221; background_enable_image=&#8221;off&#8221; parallax=&#8221;on&#8221; background_blend=&#8221;darken&#8221; custom_padding=&#8221;26px|||||&#8221; global_colors_info=&#8221;{}&#8221;][et_pb_row _builder_version=&#8221;4.27.0&#8243; _module_preset=&#8221;default&#8221; width=&#8221;700px&#8221; max_width=&#8221;700px&#8221; global_colors_info=&#8221;{}&#8221;][et_pb_column type=&#8221;4_4&#8243; _builder_version=&#8221;4.27.0&#8243; _module_preset=&#8221;default&#8221; global_colors_info=&#8221;{}&#8221;][et_pb_text _builder_version=&#8221;4.27.0&#8243; _module_preset=&#8221;default&#8221; header_font=&#8221;Arial|600|||||||&#8221; header_text_color=&#8221;#000000&#8243; header_font_size=&#8221;2em&#8221; background_color=&#8221;#07b7c4&#8243; custom_padding=&#8221;10px|10px|0px|10px|false|false&#8221; border_radii=&#8221;on|10px|10px|10px|10px&#8221; box_shadow_style=&#8221;preset1&#8243; global_colors_info=&#8221;{}&#8221;]<\/p>\n<h1><strong>TABLE RONDE N\u00b04 : <\/strong> jeunesse comme point focal d\u2019action climatique au Cameroun<\/h1>\n<p>[\/et_pb_text][\/et_pb_column][\/et_pb_row][et_pb_row _builder_version=&#8221;4.27.0&#8243; _module_preset=&#8221;default&#8221; global_colors_info=&#8221;{}&#8221;][et_pb_column type=&#8221;4_4&#8243; _builder_version=&#8221;4.27.0&#8243; _module_preset=&#8221;default&#8221; global_colors_info=&#8221;{}&#8221;][et_pb_text _builder_version=&#8221;4.27.0&#8243; _module_preset=&#8221;default&#8221; header_2_font=&#8221;Arial|700|||||||&#8221; header_2_text_color=&#8221;#E02B20&#8243; header_2_font_size=&#8221;30px&#8221; text_orientation=&#8221;center&#8221; global_colors_info=&#8221;{}&#8221;]<\/p>\n<h2>Mod\u00e9rateur<\/h2>\n<p>[\/et_pb_text][bck_advanced_team use_lightbox=&#8221;on&#8221; photo_alt=&#8221;Ing. AMOUGOU Joseph Armath\u00e9,&#8221; member_name=&#8221;Ing. AMOUGOU Joseph Armath\u00e9,&#8221; job_title=&#8221;Directeur G\u00e9n\u00e9ral de l&#8217;Observatoire National sur les Changements Climatiques (ONACC) &#8221; photo_width=&#8221;350px&#8221; photo_height=&#8221;350px&#8221; photo_alignment=&#8221;center&#8221; content_alignment=&#8221;center&#8221; content_padding=&#8221;10px|10px|10px|10px|true|true&#8221; name_bottom_spacing=&#8221;8px&#8221; job_bottom_spacing=&#8221;5px&#8221; _builder_version=&#8221;4.27.0&#8243; _module_preset=&#8221;default&#8221; name_font=&#8221;|700|||||||&#8221; name_text_color=&#8221;#000000&#8243; job_title_font=&#8221;|700||on|||||&#8221; job_title_text_color=&#8221;#000000&#8243; job_title_font_size=&#8221;16px&#8221; custom_margin=&#8221;||||false|false&#8221; custom_padding=&#8221;||||false|false&#8221; border_width_bottom_content=&#8221;1px&#8221; border_color_bottom_content=&#8221;#0C71C3&#8243; border_radii_photo=&#8221;on|50%|50%|50%|50%&#8221; locked=&#8221;off&#8221; global_colors_info=&#8221;{}&#8221;][\/bck_advanced_team][et_pb_text _builder_version=&#8221;4.27.0&#8243; _module_preset=&#8221;default&#8221; header_2_font=&#8221;Arial|700|||||||&#8221; header_2_text_color=&#8221;#E02B20&#8243; header_2_font_size=&#8221;30px&#8221; text_orientation=&#8221;center&#8221; locked=&#8221;off&#8221; global_colors_info=&#8221;{}&#8221;]<\/p>\n<h2>Panelistes<\/h2>\n<p>[\/et_pb_text][\/et_pb_column][\/et_pb_row][et_pb_row column_structure=&#8221;1_3,1_3,1_3&#8243; _builder_version=&#8221;4.27.0&#8243; _module_preset=&#8221;default&#8221; locked=&#8221;off&#8221; global_colors_info=&#8221;{}&#8221;][et_pb_column type=&#8221;1_3&#8243; _builder_version=&#8221;4.27.0&#8243; _module_preset=&#8221;default&#8221; global_colors_info=&#8221;{}&#8221;][bck_advanced_team use_lightbox=&#8221;on&#8221; photo_alt=&#8221;Directeur de la M\u00e9t\u00e9orologie Nationale&#8221; member_name=&#8221;M. Simplice Tchinda Tazo&#8221; job_title=&#8221;Directeur de la M\u00e9t\u00e9orologie Nationale&#8221; photo_width=&#8221;250px&#8221; photo_height=&#8221;250px&#8221; photo_alignment=&#8221;center&#8221; content_alignment=&#8221;center&#8221; content_padding=&#8221;10px|10px|10px|10px|true|true&#8221; name_bottom_spacing=&#8221;8px&#8221; job_bottom_spacing=&#8221;5px&#8221; _builder_version=&#8221;4.27.0&#8243; _module_preset=&#8221;default&#8221; name_font=&#8221;|700|||||||&#8221; name_text_color=&#8221;#000000&#8243; job_title_font=&#8221;|700||on|||||&#8221; job_title_text_color=&#8221;#000000&#8243; job_title_font_size=&#8221;16px&#8221; custom_margin=&#8221;||||false|false&#8221; custom_padding=&#8221;||||false|false&#8221; hover_enabled=&#8221;0&#8243; border_width_bottom_content=&#8221;1px&#8221; border_color_bottom_content=&#8221;#0C71C3&#8243; border_radii_photo=&#8221;on|50%|50%|50%|50%&#8221; global_colors_info=&#8221;{}&#8221; title_text=&#8221;download (16)&#8221; photo=&#8221;https:\/\/worldhabitatdaycameroon.org\/wp-content\/uploads\/2024\/09\/download-16.jpg&#8221; sticky_enabled=&#8221;0&#8243;][\/bck_advanced_team][\/et_pb_column][et_pb_column type=&#8221;1_3&#8243; _builder_version=&#8221;4.27.0&#8243; _module_preset=&#8221;default&#8221; global_colors_info=&#8221;{}&#8221;][bck_advanced_team use_lightbox=&#8221;on&#8221; photo_alt=&#8221;Directeur de la Protection Civile&#8221; member_name=&#8221;Directeur de la Protection Civile&#8221; job_title=&#8221;Directeur de la Protection Civile&#8221; photo_width=&#8221;250px&#8221; photo_height=&#8221;250px&#8221; photo_alignment=&#8221;center&#8221; content_alignment=&#8221;center&#8221; content_padding=&#8221;10px|10px|10px|10px|true|true&#8221; name_bottom_spacing=&#8221;8px&#8221; job_bottom_spacing=&#8221;5px&#8221; _builder_version=&#8221;4.27.0&#8243; _module_preset=&#8221;default&#8221; name_font=&#8221;|700|||||||&#8221; name_text_color=&#8221;#000000&#8243; job_title_font=&#8221;|700||on|||||&#8221; job_title_text_color=&#8221;#000000&#8243; job_title_font_size=&#8221;16px&#8221; custom_margin=&#8221;||||false|false&#8221; custom_padding=&#8221;||||false|false&#8221; border_width_bottom_content=&#8221;1px&#8221; border_color_bottom_content=&#8221;#0C71C3&#8243; border_radii_photo=&#8221;on|50%|50%|50%|50%&#8221; global_colors_info=&#8221;{}&#8221;][\/bck_advanced_team][\/et_pb_column][et_pb_column type=&#8221;1_3&#8243; _builder_version=&#8221;4.27.0&#8243; _module_preset=&#8221;default&#8221; global_colors_info=&#8221;{}&#8221;][bck_advanced_team use_lightbox=&#8221;on&#8221; photo_alt=&#8221;DR \/MINEPDED\/ SUD&#8221; member_name=&#8221;DR \/MINEPDED\/ SUD&#8221; job_title=&#8221;DR \/MINEPDED\/ SUD&#8221; photo_width=&#8221;250px&#8221; photo_height=&#8221;250px&#8221; photo_alignment=&#8221;center&#8221; content_alignment=&#8221;center&#8221; content_padding=&#8221;10px|10px|10px|10px|true|true&#8221; name_bottom_spacing=&#8221;8px&#8221; job_bottom_spacing=&#8221;5px&#8221; _builder_version=&#8221;4.27.0&#8243; _module_preset=&#8221;default&#8221; name_font=&#8221;|700|||||||&#8221; name_text_color=&#8221;#000000&#8243; job_title_font=&#8221;|700||on|||||&#8221; job_title_text_color=&#8221;#000000&#8243; job_title_font_size=&#8221;16px&#8221; custom_margin=&#8221;||||false|false&#8221; custom_padding=&#8221;||||false|false&#8221; border_width_bottom_content=&#8221;1px&#8221; border_color_bottom_content=&#8221;#0C71C3&#8243; border_radii_photo=&#8221;on|50%|50%|50%|50%&#8221; global_colors_info=&#8221;{}&#8221;][\/bck_advanced_team][\/et_pb_column][\/et_pb_row][et_pb_row column_structure=&#8221;1_3,1_3,1_3&#8243; _builder_version=&#8221;4.27.0&#8243; _module_preset=&#8221;default&#8221; locked=&#8221;off&#8221; global_colors_info=&#8221;{}&#8221;][et_pb_column type=&#8221;1_3&#8243; _builder_version=&#8221;4.27.0&#8243; _module_preset=&#8221;default&#8221; global_colors_info=&#8221;{}&#8221;][bck_advanced_team use_lightbox=&#8221;on&#8221; photo_alt=&#8221;DR \/MINRESI\/SUD&#8221; member_name=&#8221;M.\/Mme xxxxxxxx&#8221; job_title=&#8221;DR \/MINRESI\/SUD&#8221; photo_width=&#8221;250px&#8221; photo_height=&#8221;250px&#8221; photo_alignment=&#8221;center&#8221; content_alignment=&#8221;center&#8221; content_padding=&#8221;10px|10px|10px|10px|true|true&#8221; name_bottom_spacing=&#8221;8px&#8221; job_bottom_spacing=&#8221;5px&#8221; _builder_version=&#8221;4.27.0&#8243; _module_preset=&#8221;default&#8221; name_font=&#8221;|700|||||||&#8221; name_text_color=&#8221;#000000&#8243; job_title_font=&#8221;|700||on|||||&#8221; job_title_text_color=&#8221;#000000&#8243; job_title_font_size=&#8221;16px&#8221; custom_margin=&#8221;||||false|false&#8221; custom_padding=&#8221;||||false|false&#8221; border_width_bottom_content=&#8221;1px&#8221; border_color_bottom_content=&#8221;#0C71C3&#8243; border_radii_photo=&#8221;on|50%|50%|50%|50%&#8221; global_colors_info=&#8221;{}&#8221;][\/bck_advanced_team][\/et_pb_column][et_pb_column type=&#8221;1_3&#8243; _builder_version=&#8221;4.27.0&#8243; _module_preset=&#8221;default&#8221; global_colors_info=&#8221;{}&#8221;][bck_advanced_team use_lightbox=&#8221;on&#8221; photo_alt=&#8221;L\u2019ONG \u00ab Green Space Afrique \u00bb&#8221; member_name=&#8221;L\u2019ONG \u00ab Green Space Afrique \u00bb&#8221; job_title=&#8221;L\u2019ONG \u00ab Green Space Afrique \u00bb&#8221; photo_width=&#8221;250px&#8221; photo_height=&#8221;250px&#8221; photo_alignment=&#8221;center&#8221; content_alignment=&#8221;center&#8221; content_padding=&#8221;10px|10px|10px|10px|true|true&#8221; name_bottom_spacing=&#8221;8px&#8221; job_bottom_spacing=&#8221;5px&#8221; _builder_version=&#8221;4.27.0&#8243; _module_preset=&#8221;default&#8221; name_font=&#8221;|700|||||||&#8221; name_text_color=&#8221;#000000&#8243; job_title_font=&#8221;|700||on|||||&#8221; job_title_text_color=&#8221;#000000&#8243; job_title_font_size=&#8221;16px&#8221; custom_margin=&#8221;||||false|false&#8221; custom_padding=&#8221;||||false|false&#8221; border_width_bottom_content=&#8221;1px&#8221; border_color_bottom_content=&#8221;#0C71C3&#8243; border_radii_photo=&#8221;on|50%|50%|50%|50%&#8221; global_colors_info=&#8221;{}&#8221;][\/bck_advanced_team][\/et_pb_column][et_pb_column type=&#8221;1_3&#8243; _builder_version=&#8221;4.27.0&#8243; _module_preset=&#8221;default&#8221; global_colors_info=&#8221;{}&#8221;][bck_advanced_team use_lightbox=&#8221;on&#8221; photo_alt=&#8221;DR \/MINEFOP\/SUD&#8221; member_name=&#8221;DR \/MINEFOP\/SUD&#8221; job_title=&#8221;DR \/MINEFOP\/SUD&#8221; photo_width=&#8221;250px&#8221; photo_height=&#8221;250px&#8221; photo_alignment=&#8221;center&#8221; content_alignment=&#8221;center&#8221; content_padding=&#8221;10px|10px|10px|10px|true|true&#8221; name_bottom_spacing=&#8221;8px&#8221; job_bottom_spacing=&#8221;5px&#8221; _builder_version=&#8221;4.27.0&#8243; _module_preset=&#8221;default&#8221; name_font=&#8221;|700|||||||&#8221; name_text_color=&#8221;#000000&#8243; job_title_font=&#8221;|700||on|||||&#8221; job_title_text_color=&#8221;#000000&#8243; job_title_font_size=&#8221;16px&#8221; custom_margin=&#8221;||||false|false&#8221; custom_padding=&#8221;||||false|false&#8221; border_width_bottom_content=&#8221;1px&#8221; border_color_bottom_content=&#8221;#0C71C3&#8243; border_radii_photo=&#8221;on|50%|50%|50%|50%&#8221; global_colors_info=&#8221;{}&#8221;][\/bck_advanced_team][\/et_pb_column][\/et_pb_row][et_pb_row column_structure=&#8221;1_3,1_3,1_3&#8243; _builder_version=&#8221;4.27.0&#8243; _module_preset=&#8221;default&#8221; locked=&#8221;off&#8221; global_colors_info=&#8221;{}&#8221;][et_pb_column type=&#8221;1_3&#8243; _builder_version=&#8221;4.27.0&#8243; _module_preset=&#8221;default&#8221; global_colors_info=&#8221;{}&#8221;][bck_advanced_team use_lightbox=&#8221;on&#8221; photo_alt=&#8221;Un maire d\u2019Ebolowa 1er&#8221; member_name=&#8221;Un maire d\u2019Ebolowa 1er&#8221; job_title=&#8221;Un maire d\u2019Ebolowa 1er&#8221; photo_width=&#8221;250px&#8221; photo_height=&#8221;250px&#8221; photo_alignment=&#8221;center&#8221; content_alignment=&#8221;center&#8221; content_padding=&#8221;10px|10px|10px|10px|true|true&#8221; name_bottom_spacing=&#8221;8px&#8221; job_bottom_spacing=&#8221;5px&#8221; _builder_version=&#8221;4.27.0&#8243; _module_preset=&#8221;default&#8221; name_font=&#8221;|700|||||||&#8221; name_text_color=&#8221;#000000&#8243; job_title_font=&#8221;|700||on|||||&#8221; job_title_text_color=&#8221;#000000&#8243; job_title_font_size=&#8221;16px&#8221; custom_margin=&#8221;||||false|false&#8221; custom_padding=&#8221;||||false|false&#8221; border_width_bottom_content=&#8221;1px&#8221; border_color_bottom_content=&#8221;#0C71C3&#8243; border_radii_photo=&#8221;on|50%|50%|50%|50%&#8221; global_colors_info=&#8221;{}&#8221;][\/bck_advanced_team][\/et_pb_column][et_pb_column type=&#8221;1_3&#8243; _builder_version=&#8221;4.27.0&#8243; _module_preset=&#8221;default&#8221; global_colors_info=&#8221;{}&#8221;][\/et_pb_column][et_pb_column type=&#8221;1_3&#8243; _builder_version=&#8221;4.27.0&#8243; _module_preset=&#8221;default&#8221; global_colors_info=&#8221;{}&#8221;][\/et_pb_column][\/et_pb_row][et_pb_row _builder_version=&#8221;4.27.0&#8243; _module_preset=&#8221;default&#8221; locked=&#8221;off&#8221; global_colors_info=&#8221;{}&#8221;][et_pb_column type=&#8221;4_4&#8243; _builder_version=&#8221;4.27.0&#8243; _module_preset=&#8221;default&#8221; global_colors_info=&#8221;{}&#8221;][et_pb_text _builder_version=&#8221;4.27.0&#8243; _module_preset=&#8221;default&#8221; header_2_font=&#8221;Arial|700|||||||&#8221; header_2_text_color=&#8221;#E02B20&#8243; header_2_font_size=&#8221;30px&#8221; text_orientation=&#8221;center&#8221; locked=&#8221;off&#8221; global_colors_info=&#8221;{}&#8221;]<\/p>\n<h2>Rapporteur<\/h2>\n<p>[\/et_pb_text][bck_advanced_team use_lightbox=&#8221;on&#8221; member_name=&#8221;M.\/Mme xxxxxxx&#8221; photo_width=&#8221;250px&#8221; photo_height=&#8221;250px&#8221; photo_alignment=&#8221;center&#8221; content_alignment=&#8221;center&#8221; content_padding=&#8221;10px|10px|10px|10px|true|true&#8221; name_bottom_spacing=&#8221;8px&#8221; job_bottom_spacing=&#8221;5px&#8221; _builder_version=&#8221;4.27.0&#8243; _module_preset=&#8221;default&#8221; name_font=&#8221;|700|||||||&#8221; name_text_color=&#8221;#000000&#8243; job_title_font=&#8221;|700||on|||||&#8221; job_title_text_color=&#8221;#000000&#8243; job_title_font_size=&#8221;16px&#8221; custom_margin=&#8221;||||false|false&#8221; custom_padding=&#8221;||||false|false&#8221; hover_enabled=&#8221;0&#8243; border_width_bottom_content=&#8221;1px&#8221; border_color_bottom_content=&#8221;#0C71C3&#8243; border_radii_photo=&#8221;on|50%|50%|50%|50%&#8221; global_colors_info=&#8221;{}&#8221; sticky_enabled=&#8221;0&#8243;][\/bck_advanced_team][et_pb_text _builder_version=&#8221;4.27.0&#8243; _module_preset=&#8221;default&#8221; header_2_font=&#8221;Arial|700|||||||&#8221; header_2_text_color=&#8221;#E02B20&#8243; header_2_font_size=&#8221;30px&#8221; text_orientation=&#8221;center&#8221; locked=&#8221;off&#8221; global_colors_info=&#8221;{}&#8221;]<\/p>\n<h2>Participants<\/h2>\n<p>[\/et_pb_text][bck_list_group item_per_row=&#8221;2&#8243; icon_size=&#8221;10px&#8221; item_per_row_tablet=&#8221;2&#8243; item_per_row_phone=&#8221;1&#8243; item_per_row_last_edited=&#8221;on|phone&#8221; _builder_version=&#8221;4.27.0&#8243; _module_preset=&#8221;default&#8221; title_font=&#8221;|600||on|||||&#8221; title_text_color=&#8221;#000000&#8243; subtitle_text_color=&#8221;#000000&#8243; hover_enabled=&#8221;0&#8243; title_font_size_tablet=&#8221;18px&#8221; title_font_size_phone=&#8221;14px&#8221; title_font_size_last_edited=&#8221;on|phone&#8221; global_colors_info=&#8221;{}&#8221; sticky_enabled=&#8221;0&#8243;][bck_list_group_child title=&#8221;MINFOF&#8221; icon=&#8221;&#xf111;||fa||900&#8243; _builder_version=&#8221;4.27.0&#8243; _module_preset=&#8221;default&#8221; hover_enabled=&#8221;0&#8243; global_colors_info=&#8221;{}&#8221; sticky_enabled=&#8221;0&#8243;][\/bck_list_group_child][bck_list_group_child title=&#8221;MINHDU&#8221; icon=&#8221;&#xf111;||fa||900&#8243; _builder_version=&#8221;4.27.0&#8243; _module_preset=&#8221;default&#8221; global_colors_info=&#8221;{}&#8221;][\/bck_list_group_child][bck_list_group_child title=&#8221;MINEPDED&#8221; icon=&#8221;&#xf111;||fa||900&#8243; _builder_version=&#8221;4.27.0&#8243; _module_preset=&#8221;default&#8221; hover_enabled=&#8221;0&#8243; global_colors_info=&#8221;{}&#8221; sticky_enabled=&#8221;0&#8243;][\/bck_list_group_child][bck_list_group_child title=&#8221;MINATD&#8221; icon=&#8221;&#xf111;||fa||900&#8243; _builder_version=&#8221;4.27.0&#8243; _module_preset=&#8221;default&#8221; hover_enabled=&#8221;0&#8243; global_colors_info=&#8221;{}&#8221; sticky_enabled=&#8221;0&#8243;][\/bck_list_group_child][bck_list_group_child title=&#8221;MINJEC&#8221; icon=&#8221;&#xf111;||fa||900&#8243; _builder_version=&#8221;4.27.0&#8243; _module_preset=&#8221;default&#8221; global_colors_info=&#8221;{}&#8221;][\/bck_list_group_child][bck_list_group_child title=&#8221;Institutions de recherche;&#8221; icon=&#8221;&#xf111;||fa||900&#8243; _builder_version=&#8221;4.27.0&#8243; _module_preset=&#8221;default&#8221; hover_enabled=&#8221;0&#8243; global_colors_info=&#8221;{}&#8221; sticky_enabled=&#8221;0&#8243;][\/bck_list_group_child][bck_list_group_child title=&#8221;Magistrats municipaux&#8221; icon=&#8221;&#xf111;||fa||900&#8243; _builder_version=&#8221;4.27.0&#8243; _module_preset=&#8221;default&#8221; hover_enabled=&#8221;0&#8243; global_colors_info=&#8221;{}&#8221; sticky_enabled=&#8221;0&#8243;][\/bck_list_group_child][bck_list_group_child title=&#8221;Associations de jeunes&#8221; icon=&#8221;&#xf111;||fa||900&#8243; _builder_version=&#8221;4.27.0&#8243; _module_preset=&#8221;default&#8221; hover_enabled=&#8221;0&#8243; global_colors_info=&#8221;{}&#8221; sticky_enabled=&#8221;0&#8243;][\/bck_list_group_child][bck_list_group_child title=&#8221;Chercheurs et universitaires&#8221; icon=&#8221;&#xf111;||fa||900&#8243; _builder_version=&#8221;4.27.0&#8243; _module_preset=&#8221;default&#8221; global_colors_info=&#8221;{}&#8221;][\/bck_list_group_child][\/bck_list_group][\/et_pb_column][\/et_pb_row][\/et_pb_section][et_pb_section fb_built=&#8221;1&#8243; _builder_version=&#8221;4.27.0&#8243; _module_preset=&#8221;default&#8221; background_color=&#8221;rgba(232,232,232,0.2)&#8221; custom_padding=&#8221;0px||0px|||&#8221; top_divider_style=&#8221;waves2&#8243; top_divider_color=&#8221;#E09900&#8243; bottom_divider_style=&#8221;waves2&#8243; bottom_divider_color=&#8221;#E09900&#8243; global_colors_info=&#8221;{}&#8221;][et_pb_row column_structure=&#8221;3_5,2_5&#8243; _builder_version=&#8221;4.27.0&#8243; _module_preset=&#8221;default&#8221; width=&#8221;95%&#8221; max_width=&#8221;95%&#8221; custom_padding=&#8221;||39px|||&#8221; global_colors_info=&#8221;{}&#8221;][et_pb_column type=&#8221;3_5&#8243; _builder_version=&#8221;4.27.0&#8243; _module_preset=&#8221;default&#8221; global_colors_info=&#8221;{}&#8221;][et_pb_text _builder_version=&#8221;4.27.0&#8243; _module_preset=&#8221;default&#8221; header_2_font=&#8221;Arial|700|||||||&#8221; header_2_text_color=&#8221;#000000&#8243; header_2_font_size=&#8221;30px&#8221; text_orientation=&#8221;center&#8221; custom_margin=&#8221;||5px|||&#8221; locked=&#8221;off&#8221; global_colors_info=&#8221;{}&#8221;]<\/p>\n<h2>Vid\u00e9o de la table ronde<\/h2>\n<p>[\/et_pb_text][et_pb_video src=&#8221;https:\/\/worldhabitatdaycameroon.org\/wp-content\/uploads\/2024\/09\/JMH-FINAL-FR.mp4&#8243; _builder_version=&#8221;4.27.0&#8243; _module_preset=&#8221;default&#8221; global_colors_info=&#8221;{}&#8221;][\/et_pb_video][\/et_pb_column][et_pb_column type=&#8221;2_5&#8243; _builder_version=&#8221;4.27.0&#8243; _module_preset=&#8221;default&#8221; global_colors_info=&#8221;{}&#8221;][et_pb_text _builder_version=&#8221;4.27.0&#8243; _module_preset=&#8221;default&#8221; header_2_font=&#8221;Arial|700|||||||&#8221; header_2_text_color=&#8221;#000000&#8243; header_2_font_size=&#8221;30px&#8221; text_orientation=&#8221;center&#8221; custom_margin=&#8221;||5px|||&#8221; locked=&#8221;off&#8221; global_colors_info=&#8221;{}&#8221;]<\/p>\n<h2>Documents<\/h2>\n<p>[\/et_pb_text][\/et_pb_column][\/et_pb_row][\/et_pb_section]<\/p>\n","protected":false},"excerpt":{"rendered":"<p>TABLE RONDE N\u00b04 : jeunesse comme point focal d\u2019action climatique au CamerounMod\u00e9rateur<div class=\"et_pb_with_border et_pb_module bck_advanced_team bck_advanced_team_0\">\n\t\t\t\t\n\t\t\t\t\n\t\t\t\t\n\t\t\t\t\n\t\t\t\t\n\t\t\t\t\n\t\t\t\t<div class=\"et_pb_module_inner\">\n\t\t\t\t\t<div class=\"bck-module bck-team bck-bg-support bck-swapped-img-selector bck-hover--none\">\r\n                \r\n\t\t\t\t<figure class=\"bck-figure bck-team-figure\">\r\n\t\t\t\t\t<div class=\"bck-overlay\"><i class=\"bck-overlay-icon\"><\/i><\/div>\r\n\t\t\t\t\t<img decoding=\"async\" class=\"bck-swapped-img bck-lightbox\" data-mfp-src=\"https:\/\/worldhabitatdaycameroon.org\/wp-content\/plugins\/brain-conkit\/public\/imgs\/placeholder.svg\" src=\"https:\/\/worldhabitatdaycameroon.org\/wp-content\/plugins\/brain-conkit\/public\/imgs\/placeholder.svg\"  alt=\"Ing. AMOUGOU Joseph Armath\u00e9,\"\/>\r\n                <\/figure>\r\n\t\t\t\t<div class=\"bck-team-content content-center\">\r\n                    <div class=\"flex-top\">\r\n                        <h3>Ing. AMOUGOU Joseph Armath\u00e9,<\/h3> <div class=\"bck-job-title\">Directeur G\u00e9n\u00e9ral de l'Observatoire National sur les Changements Climatiques (ONACC) <\/div> \r\n                    <\/div>\r\n                    \r\n\t\t\t\t<\/div>\r\n\t\t\t<\/div>\n\t\t\t\t<\/div>\n\t\t\t<\/div>Panelistes<div class=\"et_pb_module bck_advanced_team bck_advanced_team_1\">\n\t\t\t\t\n\t\t\t\t\n\t\t\t\t\n\t\t\t\t\n\t\t\t\t\n\t\t\t\t\n\t\t\t\t<div class=\"et_pb_module_inner\">\n\t\t\t\t\t<div class=\"bck-module bck-team bck-bg-support bck-swapped-img-selector bck-hover--none\">\r\n                \r\n\t\t\t\t<figure class=\"bck-figure bck-team-figure\">\r\n\t\t\t\t\t<div class=\"bck-overlay\"><i class=\"bck-overlay-icon\"><\/i><\/div>\r\n\t\t\t\t\t<img decoding=\"async\" class=\"bck-swapped-img \" data-mfp-src=\"https:\/\/worldhabitatdaycameroon.org\/wp-content\/plugins\/brain-conkit\/public\/imgs\/placeholder.svg\" src=\"https:\/\/worldhabitatdaycameroon.org\/wp-content\/plugins\/brain-conkit\/public\/imgs\/placeholder.svg\"  alt=\"&#8221;Directeur\"\/>\r\n                <\/figure>\r\n\t\t\t\t<div class=\"bck-team-content content-left\">\r\n                    <div class=\"flex-top\">\r\n                        <h3>Name Goes Here<\/h3>  \r\n                    <\/div>\r\n                    \r\n\t\t\t\t<\/div>\r\n\t\t\t<\/div>\n\t\t\t\t<\/div>\n\t\t\t<\/div><\/p>\n","protected":false},"author":1,"featured_media":0,"parent":0,"menu_order":0,"comment_status":"closed","ping_status":"closed","template":"","meta":{"_et_pb_use_builder":"on","_et_pb_old_content":"","_et_gb_content_width":"","loftloader_page_shortcode":"","footnotes":""},"class_list":["post-569","page","type-page","status-publish","hentry"],"_links":{"self":[{"href":"https:\/\/worldhabitatdaycameroon.org\/en\/wp-json\/wp\/v2\/pages\/569","targetHints":{"allow":["GET"]}}],"collection":[{"href":"https:\/\/worldhabitatdaycameroon.org\/en\/wp-json\/wp\/v2\/pages"}],"about":[{"href":"https:\/\/worldhabitatdaycameroon.org\/en\/wp-json\/wp\/v2\/types\/page"}],"author":[{"embeddable":true,"href":"https:\/\/worldhabitatdaycameroon.org\/en\/wp-json\/wp\/v2\/users\/1"}],"replies":[{"embeddable":true,"href":"https:\/\/worldhabitatdaycameroon.org\/en\/wp-json\/wp\/v2\/comments?post=569"}],"version-history":[{"count":5,"href":"https:\/\/worldhabitatdaycameroon.org\/en\/wp-json\/wp\/v2\/pages\/569\/revisions"}],"predecessor-version":[{"id":577,"href":"https:\/\/worldhabitatdaycameroon.org\/en\/wp-json\/wp\/v2\/pages\/569\/revisions\/577"}],"wp:attachment":[{"href":"https:\/\/worldhabitatdaycameroon.org\/en\/wp-json\/wp\/v2\/media?parent=569"}],"curies":[{"name":"wp","href":"https:\/\/api.w.org\/{rel}","templated":true}]}}