{"id":1462,"date":"2025-04-16T16:02:09","date_gmt":"2025-04-16T14:02:09","guid":{"rendered":"http:\/\/89.116.22.209\/?page_id=1462"},"modified":"2025-06-20T09:24:16","modified_gmt":"2025-06-20T07:24:16","slug":"contacts","status":"publish","type":"page","link":"https:\/\/worldhabitatdaycameroon.org\/en\/contacts\/","title":{"rendered":"Contact Details"},"content":{"rendered":"<p>[et_pb_section fb_built=&#8221;1&#8243; custom_padding_last_edited=&#8221;on|phone&#8221; admin_label=&#8221;Schedule&#8221; _builder_version=&#8221;4.27.0&#8243; _module_preset=&#8221;default&#8221; background_color=&#8221;rgba(131,0,233,0.2)&#8221; width=&#8221;90%&#8221; width_tablet=&#8221;100%&#8221; width_phone=&#8221;100%&#8221; width_last_edited=&#8221;on|phone&#8221; max_width=&#8221;90%&#8221; max_width_tablet=&#8221;100%&#8221; max_width_phone=&#8221;100%&#8221; max_width_last_edited=&#8221;on|phone&#8221; module_alignment=&#8221;center&#8221; custom_margin=&#8221;0px|0px|0px|0px|false|false&#8221; custom_padding=&#8221;20px|0px|20px|0px|true|false&#8221; custom_padding_tablet=&#8221;20px|0px|20px|0px|true|false&#8221; custom_padding_phone=&#8221;20px|0px|20px|0px|true|false&#8221; collapsed=&#8221;on&#8221; global_colors_info=&#8221;{}&#8221;][et_pb_row use_custom_gutter=&#8221;on&#8221; gutter_width=&#8221;1&#8243; make_equal=&#8221;on&#8221; custom_padding_last_edited=&#8221;on|desktop&#8221; _builder_version=&#8221;4.27.0&#8243; _module_preset=&#8221;default&#8221; background_color=&#8221;rgba(248,249,250,0.2)&#8221; width=&#8221;90%&#8221; width_tablet=&#8221;98%&#8221; width_phone=&#8221;97%&#8221; width_last_edited=&#8221;on|phone&#8221; max_width=&#8221;97%&#8221; module_alignment=&#8221;center&#8221; custom_margin=&#8221;||||false|false&#8221; custom_margin_tablet=&#8221;||||false|false&#8221; custom_margin_phone=&#8221;||||false|false&#8221; custom_margin_last_edited=&#8221;on|desktop&#8221; custom_padding=&#8221;||||false|false&#8221; custom_padding_tablet=&#8221;||||false|false&#8221; custom_padding_phone=&#8221;||||false|false&#8221; global_colors_info=&#8221;{}&#8221;][et_pb_column type=&#8221;4_4&#8243; _builder_version=&#8221;4.25.1&#8243; _module_preset=&#8221;default&#8221; global_colors_info=&#8221;{}&#8221;][et_pb_text _builder_version=&#8221;4.27.0&#8243; _module_preset=&#8221;default&#8221; text_font=&#8221;Aldrich|700|||||||&#8221; text_text_color=&#8221;#9e0140&#8243; text_font_size=&#8221;4rem&#8221; custom_margin=&#8221;||||false|false&#8221; custom_padding=&#8221;19px||29px||false|false&#8221; text_font_size_tablet=&#8221;3rem&#8221; text_font_size_phone=&#8221;2rem&#8221; text_font_size_last_edited=&#8221;on|tablet&#8221; content_en_us=&#8221;<\/p>\n<p>Contact Details<\/p>\n<p>&#8221; text_text_shadow_style=&#8221;preset2&#8243; box_shadow_style=&#8221;preset3&#8243; global_colors_info=&#8221;{}&#8221; title_font_size_tablet=&#8221;4rem&#8221; title_font_size_phone=&#8221;2rem&#8221; title_font_size_last_edited=&#8221;on|phone&#8221;]<\/p>\n<p>Contact<\/p>\n<p>[\/et_pb_text][\/et_pb_column][\/et_pb_row][\/et_pb_section][et_pb_section fb_built=&#8221;1&#8243; admin_label=&#8221;Schedule&#8221; _builder_version=&#8221;4.27.0&#8243; _module_preset=&#8221;default&#8221; background_color=&#8221;#f8f9fa&#8221; custom_padding=&#8221;||||false|false&#8221; border_color_all=&#8221;RGBA(255,255,255,0)&#8221; collapsed=&#8221;off&#8221; global_colors_info=&#8221;{}&#8221;][et_pb_row _builder_version=&#8221;4.27.0&#8243; _module_preset=&#8221;default&#8221; width=&#8221;90%&#8221; width_tablet=&#8221;98%&#8221; width_phone=&#8221;97%&#8221; width_last_edited=&#8221;on|phone&#8221; max_width=&#8221;97%&#8221; module_alignment=&#8221;center&#8221; custom_margin=&#8221;0px|0px|0px|0px|false|false&#8221; custom_padding=&#8221;0px|0px|0px|0px|false|false&#8221; collapsed=&#8221;off&#8221; global_colors_info=&#8221;{}&#8221;][et_pb_column type=&#8221;4_4&#8243; _builder_version=&#8221;4.27.0&#8243; _module_preset=&#8221;default&#8221; global_colors_info=&#8221;{}&#8221;][et_pb_text _builder_version=&#8221;4.27.0&#8243; _module_preset=&#8221;default&#8221; text_font=&#8221;Aldrich|700|||||||&#8221; text_text_color=&#8221;#9e0140&#8243; text_font_size=&#8221;4rem&#8221; custom_margin=&#8221;||||false|false&#8221; custom_padding=&#8221;25px||31px||false|false&#8221; custom_padding_tablet=&#8221;16px||18px||false|false&#8221; custom_padding_phone=&#8221;21px||16px||false|false&#8221; custom_padding_last_edited=&#8221;on|phone&#8221; text_font_size_tablet=&#8221;3rem&#8221; text_font_size_phone=&#8221;2rem&#8221; text_font_size_last_edited=&#8221;on|phone&#8221; content_en_us=&#8221;<\/p>\n<p>Organizing Committee<\/p>\n<p>&#8221; text_text_shadow_style=&#8221;preset2&#8243; border_radii=&#8221;on|9px|9px|9px|9px&#8221; border_width_bottom=&#8221;2px&#8221; border_color_bottom=&#8221;#cd0d62&#8243; border_width_left=&#8221;8px&#8221; border_color_left=&#8221;#cd0d62&#8243; box_shadow_style=&#8221;preset3&#8243; global_colors_info=&#8221;{}&#8221; title_font_size_tablet=&#8221;4rem&#8221; title_font_size_phone=&#8221;2rem&#8221; title_font_size_last_edited=&#8221;on|phone&#8221;]<\/p>\n<p>Comit\u00e9 d&#8217;organisation<\/p>\n<p>[\/et_pb_text][\/et_pb_column][\/et_pb_row][\/et_pb_section][et_pb_section fb_built=&#8221;1&#8243; disabled_on=&#8221;on|off|off&#8221; _builder_version=&#8221;4.27.0&#8243; _module_preset=&#8221;default&#8221; global_colors_info=&#8221;{}&#8221;][et_pb_row column_structure=&#8221;3_5,2_5&#8243; _builder_version=&#8221;4.27.0&#8243; _module_preset=&#8221;default&#8221; custom_margin=&#8221;0px||||false|false&#8221; custom_padding=&#8221;0px||0px||false|false&#8221; global_colors_info=&#8221;{}&#8221;][et_pb_column type=&#8221;3_5&#8243; _builder_version=&#8221;4.27.0&#8243; _module_preset=&#8221;default&#8221; global_colors_info=&#8221;{}&#8221;][et_pb_text _builder_version=&#8221;4.27.0&#8243; _module_preset=&#8221;default&#8221; text_font=&#8221;||||||||&#8221; text_text_color=&#8221;#000000&#8243; text_font_size=&#8221;17px&#8221; header_font=&#8221;Montserrat|700|||||||&#8221; header_4_font=&#8221;Montserrat|500|||||||&#8221; header_4_font_size=&#8221;16px&#8221; header_font_size_tablet=&#8221;&#8221; header_font_size_phone=&#8221;25px&#8221; header_font_size_last_edited=&#8221;on|phone&#8221; content_en_us=&#8221;<\/p>\n<h1>General coordination<\/h1>\n<p><span style=%22font-weight:bold;%22>Pr. NNA Mathurin<\/span><br \/>\nPoste : General Secretary<\/p>\n<p>&#8221; global_colors_info=&#8221;{}&#8221;]<\/p>\n<h1>Coordination G\u00e9n\u00e9rale<\/h1>\n<p><span style=\"font-weight:bold;\">Pr. NNA Mathurin<\/span><br \/>\nPoste : Secr\u00e9taire G\u00e9n\u00e9ral<\/p>\n<p>[\/et_pb_text][\/et_pb_column][et_pb_column type=&#8221;2_5&#8243; _builder_version=&#8221;4.27.0&#8243; _module_preset=&#8221;default&#8221; global_colors_info=&#8221;{}&#8221;][\/et_pb_column][\/et_pb_row][et_pb_row column_structure=&#8221;3_5,2_5&#8243; _builder_version=&#8221;4.27.0&#8243; _module_preset=&#8221;default&#8221; custom_margin=&#8221;||||false|false&#8221; custom_padding=&#8221;||0px||false|false&#8221; global_colors_info=&#8221;{}&#8221;][et_pb_column type=&#8221;3_5&#8243; _builder_version=&#8221;4.27.0&#8243; _module_preset=&#8221;default&#8221; global_colors_info=&#8221;{}&#8221;][et_pb_text _builder_version=&#8221;4.27.0&#8243; _module_preset=&#8221;default&#8221; text_font=&#8221;||||||||&#8221; text_text_color=&#8221;#000000&#8243; text_font_size=&#8221;17px&#8221; header_font=&#8221;Montserrat|700|||||||&#8221; header_4_font=&#8221;Montserrat|500|||||||&#8221; header_4_font_size=&#8221;16px&#8221; header_font_size_tablet=&#8221;&#8221; header_font_size_phone=&#8221;25px&#8221; header_font_size_last_edited=&#8221;on|phone&#8221; content_en_us=&#8221;<\/p>\n<h1>Technical Secretariat<\/h1>\n<p><span style=%22font-weight:bold;%22>M. OSSAMA Fran\u00e7ois<\/span><br \/>\nPosition : Conseiller Technique N\u00b0 2 <\/p>\n<p><span style=%22font-weight:bold;%22>M. AKENCHUI Thomas<\/span><br \/>\nPosition: Research, Planning and Cooperation Division Head<\/p>\n<p>&#8221; global_colors_info=&#8221;{}&#8221;]<\/p>\n<h1>Secretariat technique<\/h1>\n<p><span style=\"font-weight:bold;\">M. OSSAMA Fran\u00e7ois<\/span><br \/>\nPoste : Conseiller Technique N\u00b0 2 <\/p>\n<p><span style=\"font-weight:bold;\">M. AKENCHUI Thomas<\/span><br \/>\nPoste : Chef de la Division des Etudes , de la Planification et de la Coop\u00e9ration<\/p>\n<p>[\/et_pb_text][\/et_pb_column][et_pb_column type=&#8221;2_5&#8243; _builder_version=&#8221;4.27.0&#8243; _module_preset=&#8221;default&#8221; global_colors_info=&#8221;{}&#8221;][et_pb_blurb title=&#8221;+237 677 488 832&#8243; use_icon=&#8221;on&#8221; font_icon=&#8221;&#xe090;||divi||400&#8243; icon_color=&#8221;#000000&#8243; icon_placement=&#8221;left&#8221; image_icon_width=&#8221;20px&#8221; content_max_width=&#8221;100%&#8221; _builder_version=&#8221;4.27.0&#8243; _module_preset=&#8221;default&#8221; module_alignment=&#8221;left&#8221; custom_margin=&#8221;29%||||false|false&#8221; custom_padding=&#8221;0px||0px||true|false&#8221; locked=&#8221;off&#8221; global_colors_info=&#8221;{}&#8221;][\/et_pb_blurb][\/et_pb_column][\/et_pb_row][et_pb_row column_structure=&#8221;3_5,2_5&#8243; _builder_version=&#8221;4.27.0&#8243; _module_preset=&#8221;default&#8221; custom_margin=&#8221;||||false|false&#8221; custom_padding=&#8221;||0px||false|false&#8221; global_colors_info=&#8221;{}&#8221;][et_pb_column type=&#8221;3_5&#8243; _builder_version=&#8221;4.27.0&#8243; _module_preset=&#8221;default&#8221; global_colors_info=&#8221;{}&#8221;][et_pb_text _builder_version=&#8221;4.27.0&#8243; _module_preset=&#8221;default&#8221; text_font=&#8221;|700|||||||&#8221; text_text_color=&#8221;#000000&#8243; text_font_size=&#8221;17px&#8221; header_font=&#8221;Montserrat|700|||||||&#8221; header_4_font=&#8221;Montserrat|500|||||||&#8221; header_4_font_size=&#8221;16px&#8221; header_font_size_tablet=&#8221;&#8221; header_font_size_phone=&#8221;23px&#8221; header_font_size_last_edited=&#8221;on|phone&#8221; content_en_us=&#8221;<\/p>\n<h1>Reception, Security and Leisure Commission<\/h1>\n<p>M. OBOUN NYEBE William&#8217;s Paul<\/p>\n<h4><\/h4>\n<h4>Position: Inspector General for Administrative Affairs<\/h4>\n<p>&#8221; global_colors_info=&#8221;{}&#8221;]<\/p>\n<h1>Commission accueil, s\u00e9curit\u00e9 et loisirs<\/h1>\n<p>M. OBOUN NYEBE William&#8217;s Paul<\/p>\n<h4><\/h4>\n<h4>Poste : Inspecteur G\u00e9n\u00e9ral en charge des questions administratives<\/h4>\n<p>[\/et_pb_text][\/et_pb_column][et_pb_column type=&#8221;2_5&#8243; _builder_version=&#8221;4.27.0&#8243; _module_preset=&#8221;default&#8221; global_colors_info=&#8221;{}&#8221;][et_pb_blurb title=&#8221;+237 676 499 584&#8243; use_icon=&#8221;on&#8221; font_icon=&#8221;&#xe090;||divi||400&#8243; icon_color=&#8221;#000000&#8243; icon_placement=&#8221;left&#8221; image_icon_width=&#8221;20px&#8221; _builder_version=&#8221;4.27.0&#8243; _module_preset=&#8221;default&#8221; global_colors_info=&#8221;{}&#8221;][\/et_pb_blurb][et_pb_blurb title=&#8221;obounwilliams@yahoo.fr&#8221; use_icon=&#8221;on&#8221; font_icon=&#8221;&#xf1fa;||fa||900&#8243; icon_color=&#8221;#000000&#8243; icon_placement=&#8221;left&#8221; image_icon_width=&#8221;20px&#8221; _builder_version=&#8221;4.27.0&#8243; _module_preset=&#8221;default&#8221; global_colors_info=&#8221;{}&#8221;][\/et_pb_blurb][\/et_pb_column][\/et_pb_row][et_pb_row column_structure=&#8221;3_5,2_5&#8243; _builder_version=&#8221;4.27.0&#8243; _module_preset=&#8221;default&#8221; custom_margin=&#8221;20px||||false|false&#8221; custom_padding=&#8221;0px||0px||false|false&#8221; global_colors_info=&#8221;{}&#8221;][et_pb_column type=&#8221;3_5&#8243; _builder_version=&#8221;4.27.0&#8243; _module_preset=&#8221;default&#8221; global_colors_info=&#8221;{}&#8221;][et_pb_text _builder_version=&#8221;4.27.0&#8243; _module_preset=&#8221;default&#8221; text_font=&#8221;|700|||||||&#8221; text_text_color=&#8221;#000000&#8243; text_font_size=&#8221;17px&#8221; header_font=&#8221;Montserrat|700|||||||&#8221; header_4_font=&#8221;Montserrat|500|||||||&#8221; header_4_font_size=&#8221;16px&#8221; header_font_size_tablet=&#8221;&#8221; header_font_size_phone=&#8221;23px&#8221; header_font_size_last_edited=&#8221;on|phone&#8221; content_en_us=&#8221;<\/p>\n<h1>Communication Commission<\/h1>\n<p>M. ELANGA Mathieu<\/p>\n<h4><\/h4>\n<h4>Position: Head of the Communication Unit<\/h4>\n<p>&#8221; global_colors_info=&#8221;{}&#8221;]<\/p>\n<h1>Commission communication<\/h1>\n<p>M. ELANGA Mathieu<\/p>\n<h4><\/h4>\n<h4>Poste : Chef Cellule de la Communication<\/h4>\n<p>[\/et_pb_text][\/et_pb_column][et_pb_column type=&#8221;2_5&#8243; _builder_version=&#8221;4.27.0&#8243; _module_preset=&#8221;default&#8221; global_colors_info=&#8221;{}&#8221;][et_pb_blurb title=&#8221;(+237) 676 810 072\/ 697 357 372&#8243; use_icon=&#8221;on&#8221; font_icon=&#8221;&#xe090;||divi||400&#8243; icon_color=&#8221;#000000&#8243; icon_placement=&#8221;left&#8221; image_icon_width=&#8221;20px&#8221; _builder_version=&#8221;4.27.0&#8243; _module_preset=&#8221;default&#8221; global_colors_info=&#8221;{}&#8221;][\/et_pb_blurb][et_pb_blurb title=&#8221;mathieu.elanga@gmail.com&#8221; use_icon=&#8221;on&#8221; font_icon=&#8221;&#xf1fa;||fa||900&#8243; icon_color=&#8221;#000000&#8243; icon_placement=&#8221;left&#8221; image_icon_width=&#8221;20px&#8221; _builder_version=&#8221;4.27.0&#8243; _module_preset=&#8221;default&#8221; global_colors_info=&#8221;{}&#8221;][\/et_pb_blurb][\/et_pb_column][\/et_pb_row][et_pb_row column_structure=&#8221;3_5,2_5&#8243; _builder_version=&#8221;4.27.0&#8243; _module_preset=&#8221;default&#8221; custom_margin=&#8221;30px||||false|false&#8221; custom_padding=&#8221;0px||0px||false|false&#8221; global_colors_info=&#8221;{}&#8221;][et_pb_column type=&#8221;3_5&#8243; _builder_version=&#8221;4.27.0&#8243; _module_preset=&#8221;default&#8221; global_colors_info=&#8221;{}&#8221;][et_pb_text _builder_version=&#8221;4.27.0&#8243; _module_preset=&#8221;default&#8221; text_font=&#8221;|700|||||||&#8221; text_text_color=&#8221;#000000&#8243; text_font_size=&#8221;17px&#8221; header_font=&#8221;Montserrat|700|||||||&#8221; header_text_align=&#8221;left&#8221; header_font_size=&#8221;27px&#8221; header_4_font=&#8221;Montserrat|500|||||||&#8221; header_4_font_size=&#8221;16px&#8221; header_font_size_tablet=&#8221;&#8221; header_font_size_phone=&#8221;24px&#8221; header_font_size_last_edited=&#8221;on|phone&#8221; content_en_us=&#8221;<\/p>\n<h1>Finance and Logistics Commission<\/h1>\n<p>M. NDENGUE SAMBA Sabin Roger<\/p>\n<h4><\/h4>\n<h4>Position: The Director of General Administration<\/h4>\n<p>&#8221; global_colors_info=&#8221;{}&#8221;]<\/p>\n<h1>Commission des finances et de la logistique<\/h1>\n<p>M. NDENGUE SAMBA Sabin Roger<\/p>\n<h4><\/h4>\n<h4>Poste : Directeur des Affaires G\u00e9n\u00e9rales<\/h4>\n<p>[\/et_pb_text][\/et_pb_column][et_pb_column type=&#8221;2_5&#8243; _builder_version=&#8221;4.27.0&#8243; _module_preset=&#8221;default&#8221; global_colors_info=&#8221;{}&#8221;][et_pb_blurb title=&#8221;+237 694 901 560&#8243; use_icon=&#8221;on&#8221; font_icon=&#8221;&#xe090;||divi||400&#8243; icon_color=&#8221;#000000&#8243; icon_placement=&#8221;left&#8221; image_icon_width=&#8221;20px&#8221; _builder_version=&#8221;4.27.0&#8243; _module_preset=&#8221;default&#8221; global_colors_info=&#8221;{}&#8221;][\/et_pb_blurb][\/et_pb_column][\/et_pb_row][\/et_pb_section][et_pb_section fb_built=&#8221;1&#8243; disabled_on=&#8221;off|on|on&#8221; _builder_version=&#8221;4.27.0&#8243; _module_preset=&#8221;default&#8221; global_colors_info=&#8221;{}&#8221;][et_pb_row column_structure=&#8221;3_5,2_5&#8243; _builder_version=&#8221;4.27.0&#8243; _module_preset=&#8221;default&#8221; custom_margin=&#8221;0px||||false|false&#8221; custom_padding=&#8221;0px||0px||false|false&#8221; locked=&#8221;off&#8221; global_colors_info=&#8221;{}&#8221;][et_pb_column type=&#8221;3_5&#8243; _builder_version=&#8221;4.27.0&#8243; _module_preset=&#8221;default&#8221; global_colors_info=&#8221;{}&#8221;][et_pb_text _builder_version=&#8221;4.27.0&#8243; _module_preset=&#8221;default&#8221; text_font=&#8221;||||||||&#8221; text_text_color=&#8221;#000000&#8243; text_font_size=&#8221;17px&#8221; header_font=&#8221;Montserrat|700|||||||&#8221; header_4_font=&#8221;Montserrat|500|||||||&#8221; header_4_font_size=&#8221;16px&#8221; header_font_size_tablet=&#8221;&#8221; header_font_size_phone=&#8221;25px&#8221; header_font_size_last_edited=&#8221;on|phone&#8221; content_en_us=&#8221;<\/p>\n<h1>General Coordination <\/h1>\n<p><span style=%22font-weight:bold;%22>Pr. NNA Mathurin<\/span><br \/>\nPoste : General Secretary\/p><\/p>\n<p>&#8221; global_colors_info=&#8221;{}&#8221;]<\/p>\n<h1>Coordination G\u00e9n\u00e9rale<\/h1>\n<p><span style=\"font-weight:bold;\">Pr. NNA Mathurin<\/span><br \/>\nPoste : Secr\u00e9taire G\u00e9n\u00e9ral<\/p>\n<p>[\/et_pb_text][\/et_pb_column][et_pb_column type=&#8221;2_5&#8243; _builder_version=&#8221;4.27.0&#8243; _module_preset=&#8221;default&#8221; global_colors_info=&#8221;{}&#8221;][\/et_pb_column][\/et_pb_row][et_pb_row _builder_version=&#8221;4.27.0&#8243; _module_preset=&#8221;default&#8221; custom_margin=&#8221;||||false|false&#8221; custom_padding=&#8221;||0px||false|false&#8221; global_colors_info=&#8221;{}&#8221;][et_pb_column type=&#8221;4_4&#8243; _builder_version=&#8221;4.27.0&#8243; _module_preset=&#8221;default&#8221; global_colors_info=&#8221;{}&#8221;][et_pb_text _builder_version=&#8221;4.27.0&#8243; _module_preset=&#8221;default&#8221; text_font=&#8221;||||||||&#8221; text_text_color=&#8221;#000000&#8243; text_font_size=&#8221;17px&#8221; header_font=&#8221;Montserrat|700|||||||&#8221; header_4_font=&#8221;Montserrat|500|||||||&#8221; header_4_font_size=&#8221;16px&#8221; custom_margin=&#8221;0px||0px||false|false&#8221; custom_padding=&#8221;0px||5px||false|false&#8221; header_font_size_tablet=&#8221;&#8221; header_font_size_phone=&#8221;25px&#8221; header_font_size_last_edited=&#8221;on|phone&#8221; content_en_us=&#8221;<\/p>\n<h1>Technical Secretariat<\/h1>\n<p><span style=%22font-weight:bold;%22>M. OSSAMA Fran\u00e7ois<\/span><br \/>\nPosition : Conseiller Technique N\u00b0 2 <\/p>\n<p><span style=%22font-weight:bold;%22>M. AKENCHUI Thomas<\/span><br \/>\nPosition: Research, Planning and Cooperation Division Head<\/p>\n<p>&#8221; locked=&#8221;off&#8221; global_colors_info=&#8221;{}&#8221;]<\/p>\n<h1>Secretariat technique<\/h1>\n<p><span style=\"font-weight:bold;\">M. OSSAMA Fran\u00e7ois<\/span><br \/>\nPoste : Conseiller Technique N\u00b0 2 <\/p>\n<p><span style=\"font-weight:bold;\">M. AKENCHUI Thomas<\/span><br \/>\nPoste : Chef de la Division des Etudes , de la Planification et de la Coop\u00e9ration<\/p>\n<p>[\/et_pb_text][et_pb_blurb title=&#8221;+237 677 488 832&#8243; use_icon=&#8221;on&#8221; font_icon=&#8221;&#xe090;||divi||400&#8243; icon_color=&#8221;#000000&#8243; icon_placement=&#8221;left&#8221; image_icon_width=&#8221;20px&#8221; content_max_width=&#8221;100%&#8221; _builder_version=&#8221;4.27.0&#8243; _module_preset=&#8221;default&#8221; module_alignment=&#8221;left&#8221; custom_margin=&#8221;0px||0px||true|false&#8221; custom_padding=&#8221;0px||0px||true|false&#8221; global_colors_info=&#8221;{}&#8221;][\/et_pb_blurb][\/et_pb_column][\/et_pb_row][et_pb_row _builder_version=&#8221;4.27.0&#8243; _module_preset=&#8221;default&#8221; custom_margin=&#8221;||||false|false&#8221; custom_padding=&#8221;||||false|false&#8221; global_colors_info=&#8221;{}&#8221;][et_pb_column type=&#8221;4_4&#8243; _builder_version=&#8221;4.27.0&#8243; _module_preset=&#8221;default&#8221; global_colors_info=&#8221;{}&#8221;][et_pb_text _builder_version=&#8221;4.27.0&#8243; _module_preset=&#8221;default&#8221; text_font=&#8221;|700|||||||&#8221; text_text_color=&#8221;#000000&#8243; text_font_size=&#8221;17px&#8221; header_font=&#8221;Montserrat|700|||||||&#8221; header_4_font=&#8221;Montserrat|500|||||||&#8221; header_4_font_size=&#8221;16px&#8221; custom_margin=&#8221;||0px||false|false&#8221; custom_padding=&#8221;||0px||false|false&#8221; header_font_size_tablet=&#8221;&#8221; header_font_size_phone=&#8221;23px&#8221; header_font_size_last_edited=&#8221;on|phone&#8221; content_en_us=&#8221;<\/p>\n<h1>Reception, Security and Leisure Commission<\/h1>\n<p>M. OBOUN NYEBE William&#8217;s Paul<\/p>\n<h4><\/h4>\n<h4>Position: Inspector General for Administrative Affairs<\/h4>\n<p>&#8221; global_colors_info=&#8221;{}&#8221;]<\/p>\n<h1>Commission accueil, s\u00e9curit\u00e9 et loisirs<\/h1>\n<p>M. OBOUN NYEBE William&#8217;s Paul<\/p>\n<h4><\/h4>\n<h4>Poste : Inspecteur G\u00e9n\u00e9ral en charge des questions administratives<\/h4>\n<p>[\/et_pb_text][et_pb_blurb title=&#8221;+237 676 499 584&#8243; use_icon=&#8221;on&#8221; font_icon=&#8221;&#xe090;||divi||400&#8243; icon_color=&#8221;#000000&#8243; icon_placement=&#8221;left&#8221; image_icon_width=&#8221;20px&#8221; content_max_width=&#8221;100%&#8221; _builder_version=&#8221;4.27.0&#8243; _module_preset=&#8221;default&#8221; module_alignment=&#8221;left&#8221; custom_margin=&#8221;0px||0px||true|false&#8221; custom_padding=&#8221;0px||0px||true|false&#8221; global_colors_info=&#8221;{}&#8221;][\/et_pb_blurb][et_pb_blurb title=&#8221;obounwilliams@yahoo.fr&#8221; use_icon=&#8221;on&#8221; font_icon=&#8221;&#xf1fa;||fa||900&#8243; icon_color=&#8221;#000000&#8243; icon_placement=&#8221;left&#8221; image_icon_width=&#8221;20px&#8221; content_max_width=&#8221;100%&#8221; _builder_version=&#8221;4.27.0&#8243; _module_preset=&#8221;default&#8221; module_alignment=&#8221;left&#8221; global_colors_info=&#8221;{}&#8221;][\/et_pb_blurb][\/et_pb_column][\/et_pb_row][et_pb_row _builder_version=&#8221;4.27.0&#8243; _module_preset=&#8221;default&#8221; custom_margin=&#8221;20px||||false|false&#8221; custom_padding=&#8221;0px||0px||false|false&#8221; global_colors_info=&#8221;{}&#8221;][et_pb_column type=&#8221;4_4&#8243; _builder_version=&#8221;4.27.0&#8243; _module_preset=&#8221;default&#8221; global_colors_info=&#8221;{}&#8221;][et_pb_text _builder_version=&#8221;4.27.0&#8243; _module_preset=&#8221;default&#8221; text_font=&#8221;|700|||||||&#8221; text_text_color=&#8221;#000000&#8243; text_font_size=&#8221;17px&#8221; header_font=&#8221;Montserrat|700|||||||&#8221; header_4_font=&#8221;Montserrat|500|||||||&#8221; header_4_font_size=&#8221;16px&#8221; custom_margin=&#8221;||0px||false|false&#8221; custom_padding=&#8221;||0px||false|false&#8221; header_font_size_tablet=&#8221;&#8221; header_font_size_phone=&#8221;23px&#8221; header_font_size_last_edited=&#8221;on|phone&#8221; content_en_us=&#8221;<\/p>\n<h1>Communication Commission<\/h1>\n<p>M. ELANGA Mathieu<\/p>\n<h4><\/h4>\n<h4>Position: Head of the Communication Unit<\/h4>\n<p>&#8221; global_colors_info=&#8221;{}&#8221;]<\/p>\n<h1>Commission communication<\/h1>\n<p>M. ELANGA Mathieu<\/p>\n<h4><\/h4>\n<h4>Poste : Chef Cellule de la Communication<\/h4>\n<p>[\/et_pb_text][et_pb_blurb title=&#8221;(+237) 676 810 072\/ 697 357 372&#8243; use_icon=&#8221;on&#8221; font_icon=&#8221;&#xe090;||divi||400&#8243; icon_color=&#8221;#000000&#8243; icon_placement=&#8221;left&#8221; image_icon_width=&#8221;20px&#8221; content_max_width=&#8221;100%&#8221; _builder_version=&#8221;4.27.0&#8243; _module_preset=&#8221;default&#8221; module_alignment=&#8221;left&#8221; custom_margin=&#8221;||0px||false|false&#8221; custom_padding=&#8221;||0px||false|false&#8221; global_colors_info=&#8221;{}&#8221;][\/et_pb_blurb][et_pb_blurb title=&#8221;mathieu.elanga@gmail.com&#8221; use_icon=&#8221;on&#8221; font_icon=&#8221;&#xf1fa;||fa||900&#8243; icon_color=&#8221;#000000&#8243; icon_placement=&#8221;left&#8221; image_icon_width=&#8221;20px&#8221; content_max_width=&#8221;100%&#8221; _builder_version=&#8221;4.27.0&#8243; _module_preset=&#8221;default&#8221; module_alignment=&#8221;left&#8221; global_colors_info=&#8221;{}&#8221;][\/et_pb_blurb][\/et_pb_column][\/et_pb_row][et_pb_row _builder_version=&#8221;4.27.0&#8243; _module_preset=&#8221;default&#8221; custom_margin=&#8221;30px||||false|false&#8221; custom_padding=&#8221;0px||0px||false|false&#8221; global_colors_info=&#8221;{}&#8221;][et_pb_column type=&#8221;4_4&#8243; _builder_version=&#8221;4.27.0&#8243; _module_preset=&#8221;default&#8221; global_colors_info=&#8221;{}&#8221;][et_pb_text _builder_version=&#8221;4.27.0&#8243; _module_preset=&#8221;default&#8221; text_font=&#8221;|700|||||||&#8221; text_text_color=&#8221;#000000&#8243; text_font_size=&#8221;17px&#8221; header_font=&#8221;Montserrat|700|||||||&#8221; header_text_align=&#8221;left&#8221; header_font_size=&#8221;27px&#8221; header_4_font=&#8221;Montserrat|500|||||||&#8221; header_4_font_size=&#8221;16px&#8221; custom_margin=&#8221;||0px||false|false&#8221; custom_padding=&#8221;||0px||false|false&#8221; header_font_size_tablet=&#8221;&#8221; header_font_size_phone=&#8221;24px&#8221; header_font_size_last_edited=&#8221;on|phone&#8221; content_en_us=&#8221;<\/p>\n<h1>Finance and Logistics Commission<\/h1>\n<p>M. NDENGUE SAMBA Sabin Roger<\/p>\n<h4><\/h4>\n<h4>Position: The Director of General Administration<\/h4>\n<p>&#8221; global_colors_info=&#8221;{}&#8221;]<\/p>\n<h1>Commission des finances et de la logistique<\/h1>\n<p>M. NDENGUE SAMBA Sabin Roger<\/p>\n<h4><\/h4>\n<h4>Poste : Directeur des Affaires G\u00e9n\u00e9rales<\/h4>\n<p>[\/et_pb_text][et_pb_blurb title=&#8221;+237 694 901 560&#8243; use_icon=&#8221;on&#8221; font_icon=&#8221;&#xe090;||divi||400&#8243; icon_color=&#8221;#000000&#8243; icon_placement=&#8221;left&#8221; image_icon_width=&#8221;20px&#8221; content_max_width=&#8221;100%&#8221; _builder_version=&#8221;4.27.0&#8243; _module_preset=&#8221;default&#8221; module_alignment=&#8221;left&#8221; global_colors_info=&#8221;{}&#8221;][\/et_pb_blurb][\/et_pb_column][\/et_pb_row][\/et_pb_section]<\/p>\n","protected":false},"excerpt":{"rendered":"<p><div class=\"et_pb_with_border et_pb_module ba_gradient_heading ba_gradient_heading_0\">\n\t\t\t\t\n\t\t\t\t\n\t\t\t\t\n\t\t\t\t\n\t\t\t\t\n\t\t\t\t\n\t\t\t\t<div class=\"et_pb_module_inner\">\n\t\t\t\t\t<h2 class=\"dtq-gradient-heading\">Organizing Committee<\/h2>\n\t\t\t\t<\/div>\n\t\t\t<\/div> Technical Secretariat M. AKENCHUI Thomas &nbsp; Position: Research, Planning and Cooperation Division Head Reception, Security and Leisure Commission M. OBOUN NYEBE William&#8217;s Paul &nbsp; Position: Inspector General for Administrative Affairs Communication Commission M. ELANGA [&hellip;]<\/p>\n","protected":false},"author":1,"featured_media":0,"parent":0,"menu_order":0,"comment_status":"closed","ping_status":"closed","template":"","meta":{"_et_pb_use_builder":"on","_et_pb_old_content":"<!-- wp:divi\/placeholder \/-->","_et_gb_content_width":"","loftloader_page_shortcode":"","footnotes":""},"class_list":["post-1462","page","type-page","status-publish","hentry"],"_links":{"self":[{"href":"https:\/\/worldhabitatdaycameroon.org\/en\/wp-json\/wp\/v2\/pages\/1462","targetHints":{"allow":["GET"]}}],"collection":[{"href":"https:\/\/worldhabitatdaycameroon.org\/en\/wp-json\/wp\/v2\/pages"}],"about":[{"href":"https:\/\/worldhabitatdaycameroon.org\/en\/wp-json\/wp\/v2\/types\/page"}],"author":[{"embeddable":true,"href":"https:\/\/worldhabitatdaycameroon.org\/en\/wp-json\/wp\/v2\/users\/1"}],"replies":[{"embeddable":true,"href":"https:\/\/worldhabitatdaycameroon.org\/en\/wp-json\/wp\/v2\/comments?post=1462"}],"version-history":[{"count":23,"href":"https:\/\/worldhabitatdaycameroon.org\/en\/wp-json\/wp\/v2\/pages\/1462\/revisions"}],"predecessor-version":[{"id":2501,"href":"https:\/\/worldhabitatdaycameroon.org\/en\/wp-json\/wp\/v2\/pages\/1462\/revisions\/2501"}],"wp:attachment":[{"href":"https:\/\/worldhabitatdaycameroon.org\/en\/wp-json\/wp\/v2\/media?parent=1462"}],"curies":[{"name":"wp","href":"https:\/\/api.w.org\/{rel}","templated":true}]}}